{"id":1048,"date":"2024-09-25T14:50:32","date_gmt":"2024-09-25T12:50:32","guid":{"rendered":"https:\/\/uj.revitrans.hu\/de\/?page_id=1048"},"modified":"2024-10-25T12:25:34","modified_gmt":"2024-10-25T10:25:34","slug":"lieferung-zum-sammelpreis","status":"publish","type":"page","link":"https:\/\/revitrans.hu\/de\/lieferung-zum-sammelpreis\/","title":{"rendered":"Lieferung zum Sammelpreis"},"content":{"rendered":"\t\t<div data-elementor-type=\"wp-page\" data-elementor-id=\"1048\" class=\"elementor elementor-1048\">\n\t\t\t\t\t\t<div class=\"elementor-section elementor-top-section elementor-element elementor-element-5028d875 pbmit-col-stretched-both elementor-section-stretched pbmit-cursor-color-blackish-color pbmit-bg-color-over-image elementor-section-boxed elementor-section-height-default elementor-section-height-default\" data-id=\"5028d875\" data-element_type=\"section\" data-e-type=\"section\" data-settings=\"{&quot;stretch_section&quot;:&quot;section-stretched&quot;}\">\n\t\t\t\t\t\t\t<div class=\"elementor-background-overlay\"><\/div>\n\t\t\t\t\t\t\t<div class=\"elementor-container elementor-column-gap-no\">\n\t\t\t\t\t<div class=\"elementor-column elementor-col-50 elementor-top-column elementor-element elementor-element-4e176fd5 pbmit-bg-color-over-image\" data-id=\"4e176fd5\" data-element_type=\"column\" data-e-type=\"column\" data-settings=\"{&quot;background_background&quot;:&quot;classic&quot;}\">\n\t\t\t<div class=\"elementor-widget-wrap elementor-element-populated\">\n\t\t\t\t\t\t<div class=\"elementor-element elementor-element-547938b2 elementor-widget elementor-widget-spacer\" data-id=\"547938b2\" data-element_type=\"widget\" data-e-type=\"widget\" data-widget_type=\"spacer.default\">\n\t\t\t\t<div class=\"elementor-widget-container\">\n\t\t\t\t\t\t\t<div class=\"elementor-spacer\">\n\t\t\t<div class=\"elementor-spacer-inner\"><\/div>\n\t\t<\/div>\n\t\t\t\t\t\t<\/div>\n\t\t\t\t<\/div>\n\t\t\t\t\t<\/div>\n\t\t<\/div>\n\t\t\t\t<div class=\"elementor-column elementor-col-50 elementor-top-column elementor-element elementor-element-34a90ac4 pbmit-bg-color-yes pbmit-elementor-bg-color-globalcolor pbmit-bg-color-over-image\" data-id=\"34a90ac4\" data-element_type=\"column\" data-e-type=\"column\">\n\t\t\t<div class=\"elementor-widget-wrap elementor-element-populated\">\n\t\t\t\t\t\t<div class=\"elementor-element elementor-element-526ecbe6 elementor-widget elementor-widget-pbmit_heading\" data-id=\"526ecbe6\" data-element_type=\"widget\" data-e-type=\"widget\" data-widget_type=\"pbmit_heading.default\">\n\t\t\t\t<div class=\"elementor-widget-container\">\n\t\t\t\t\t\t<div class=\"pbmit-heading-subheading pbmit-heading-subheading-style-1 pbmit-reverse-heading-yes\"><h2 class=\"pbmit-element-title\">\r\n\t\t\t\r\n\t\t\t\tInl\u00e4ndische und internationale Warenlieferung\r\n\t\t\t\r\n\t\t\t<\/h2>\r\n\t\t<div class=\"pbmit-heading-desc\">Es ist auch m\u00f6glich, Nehmen Sie eine Teilladung, wenn Sie nicht das gesamte Fahrzeug bis zu seiner Kapazit\u00e4t ben\u00f6tigen. Wir empfehlen es, wenn Sie eine kleinere Sendung an Ihr Ziel liefern m\u00f6chten.<\/div><\/div>\t\t\t\t<\/div>\n\t\t\t\t<\/div>\n\t\t\t\t<div class=\"elementor-element elementor-element-ce9792b pbmit-btn-shape-rounded pbmit-btn-color-white pbmit-btn-hover-color-blackish pbmit-btn-style-flat pbmit-btn-magnatic-yes elementor-widget elementor-widget-button\" data-id=\"ce9792b\" data-element_type=\"widget\" data-e-type=\"widget\" data-widget_type=\"button.default\">\n\t\t\t\t<div class=\"elementor-widget-container\">\n\t\t\t\t\t\t\t\t\t<div class=\"elementor-button-wrapper\">\n\t\t\t\t\t<a class=\"elementor-button elementor-button-link elementor-size-sm\" href=\"#quote\">\n\t\t\t\t\t\t<span class=\"elementor-button-content-wrapper\">\n\t\t\t\t\t\t\t\t\t<span class=\"elementor-button-text\">Anfrage f\u00fcr ein Angebot<\/span>\n\t\t\t\t\t<\/span>\n\t\t\t\t\t<\/a>\n\t\t\t\t<\/div>\n\t\t\t\t\t\t\t\t<\/div>\n\t\t\t\t<\/div>\n\t\t\t\t\t<\/div>\n\t\t<\/div>\n\t\t\t\t\t<\/div>\n\t\t<\/div>\n\t\t\t\t<div class=\"elementor-section elementor-top-section elementor-element elementor-element-406654b2 pbmit-col-stretched-both elementor-section-stretched elementor-section-full_width pbmit-cursor-color-blackish-color pbmit-bg-color-over-image elementor-section-height-default elementor-section-height-default\" data-id=\"406654b2\" data-element_type=\"section\" data-e-type=\"section\" data-settings=\"{&quot;stretch_section&quot;:&quot;section-stretched&quot;}\">\n\t\t\t\t\t\t<div class=\"elementor-container elementor-column-gap-no\">\n\t\t\t\t\t<div class=\"elementor-column elementor-col-100 elementor-top-column elementor-element elementor-element-f1234a5 pbmit-bg-color-yes pbmit-elementor-bg-color-light pbmit-bg-color-over-image\" data-id=\"f1234a5\" data-element_type=\"column\" data-e-type=\"column\">\n\t\t\t<div class=\"elementor-widget-wrap elementor-element-populated\">\n\t\t\t\t\t\t<div class=\"elementor-section elementor-inner-section elementor-element elementor-element-702c7fb9 pbmit-col-stretched-none pbmit-cursor-color-blackish-color pbmit-bg-color-over-image elementor-section-boxed elementor-section-height-default elementor-section-height-default\" data-id=\"702c7fb9\" data-element_type=\"section\" data-e-type=\"section\">\n\t\t\t\t\t\t<div class=\"elementor-container elementor-column-gap-no\">\n\t\t\t\t\t<div class=\"elementor-column elementor-col-100 elementor-inner-column elementor-element elementor-element-50036b93 pbmit-bg-color-over-image\" data-id=\"50036b93\" data-element_type=\"column\" data-e-type=\"column\">\n\t\t\t<div class=\"elementor-widget-wrap elementor-element-populated\">\n\t\t\t\t\t\t<div class=\"elementor-element elementor-element-70d36d0f elementor-widget elementor-widget-pbmit_heading\" data-id=\"70d36d0f\" data-element_type=\"widget\" data-e-type=\"widget\" data-widget_type=\"pbmit_heading.default\">\n\t\t\t\t<div class=\"elementor-widget-container\">\n\t\t\t\t\t\t<div class=\"pbmit-heading-subheading pbmit-heading-subheading-style-1 \"><h2 class=\"pbmit-element-title\">\r\n\t\t\t\r\n\t\t\t\tVerfolgung\r\n\t\t\t\r\n\t\t\t<\/h2>\r\n\t\t<div class=\"pbmit-heading-desc\">Unsere Fahrzeuge sind neue LKW-Typen, die mit hochmodernen GPS-Systemen ausgestattet sind. Zus\u00e4tzlich dazu, dass ihr physischer Zustand und ihre Ausstattung die Wechself\u00e4lle der Stra\u00dfenbedingungen ausschlie\u00dfen, k\u00f6nnen wir mit dem Webeye-Tracking-System die Route der Waren unserer Kunden kontinuierlich verfolgen, sodass wir wissen und sicherstellen k\u00f6nnen, dass ihre Waren nicht nur sicher, sondern auch genau das Ziel erreichen. Bei Bedarf k\u00f6nnen wir unseren Kunden Zugang gew\u00e4hren, sodass sie die Bewegung der Waren vom Abholen bis zum Entladen verfolgen k\u00f6nnen. Um einen Transport anzufordern, wenden Sie sich bitte an unser Personal.<\/div><\/div>\t\t\t\t<\/div>\n\t\t\t\t<\/div>\n\t\t\t\t\t<\/div>\n\t\t<\/div>\n\t\t\t\t\t<\/div>\n\t\t<\/div>\n\t\t\t\t\t<\/div>\n\t\t<\/div>\n\t\t\t\t\t<\/div>\n\t\t<\/div>\n\t\t\t\t<div class=\"elementor-section elementor-top-section elementor-element elementor-element-6fe1ad2c pbmit-col-stretched-none pbmit-cursor-color-blackish-color pbmit-bg-color-over-image elementor-section-boxed elementor-section-height-default elementor-section-height-default\" data-id=\"6fe1ad2c\" data-element_type=\"section\" data-e-type=\"section\" id=\"quote\">\n\t\t\t\t\t\t<div class=\"elementor-container elementor-column-gap-no\">\n\t\t\t\t\t<div class=\"elementor-column elementor-col-100 elementor-top-column elementor-element elementor-element-347e3e84 pbmit-bg-color-over-image\" data-id=\"347e3e84\" data-element_type=\"column\" data-e-type=\"column\">\n\t\t\t<div class=\"elementor-widget-wrap elementor-element-populated\">\n\t\t\t\t\t\t<div class=\"elementor-element elementor-element-40eff388 pbmit-ihbox-style-7-second elementor-widget elementor-widget-pbmit_icon_heading\" data-id=\"40eff388\" data-element_type=\"widget\" data-e-type=\"widget\" data-widget_type=\"pbmit_icon_heading.default\">\n\t\t\t\t<div class=\"elementor-widget-container\">\n\t\t\t\t\t<div class=\"pbmit-ihbox pbmit-ihbox-style-7\"><div class=\"pbmit-ihbox-box d-flex\">\r\n\t<div class=\"pbmit-ihbox-icon\"><div class=\"pbmit-ihbox-icon-wrapper pbmit-ihbox-icon-type-icon\"><i class=\"fas fa-calculator\"><\/i><\/div><\/div>\t<div class=\"pbmit-ihbox-contents\">\r\n\t\t<h2 class=\"pbmit-element-title\">Lieferung von Waren<\/h2>\t\t<div class=\"pbmit-heading-desc\">Bitte f\u00fcllen Sie alle Felder aus, um den vollen Preis zu erhalten<\/div>\t<\/div><!-- .pbmit-ihbox-contents -->\r\n<\/div><\/div>\t\t\t\t<\/div>\n\t\t\t\t<\/div>\n\t\t\t\t<div class=\"elementor-element elementor-element-4911f247 elementor-widget elementor-widget-shortcode\" data-id=\"4911f247\" data-element_type=\"widget\" data-e-type=\"widget\" data-widget_type=\"shortcode.default\">\n\t\t\t\t<div class=\"elementor-widget-container\">\n\t\t\t\t\t\t\t<div class=\"elementor-shortcode\">\n<div class=\"wpcf7 no-js\" id=\"wpcf7-f63-o1\" lang=\"en-US\" dir=\"ltr\" data-wpcf7-id=\"63\">\n<div class=\"screen-reader-response\"><p role=\"status\" aria-live=\"polite\" aria-atomic=\"true\"><\/p> <ul><\/ul><\/div>\n<form action=\"\/de\/wp-json\/wp\/v2\/pages\/1048#wpcf7-f63-o1\" method=\"post\" class=\"wpcf7-form init\" aria-label=\"Contact form\" novalidate=\"novalidate\" data-status=\"init\">\n<fieldset class=\"hidden-fields-container\"><input type=\"hidden\" name=\"_wpcf7\" value=\"63\" \/><input type=\"hidden\" name=\"_wpcf7_version\" value=\"6.1.5\" \/><input type=\"hidden\" name=\"_wpcf7_locale\" value=\"en_US\" \/><input type=\"hidden\" name=\"_wpcf7_unit_tag\" value=\"wpcf7-f63-o1\" \/><input type=\"hidden\" name=\"_wpcf7_container_post\" value=\"0\" \/><input type=\"hidden\" name=\"_wpcf7_posted_data_hash\" value=\"\" \/>\n<\/fieldset>\n<div class=\"pbmit-form logistbiz-quote-form\">\n\t<div class=\"row\">\n\t\t<div class=\"col-sm-12\">\n\t\t\t<div class=\"input-group\">\n\t\t\t\t<p><span class=\"wpcf7-form-control-wrap\" data-name=\"nev\"><input size=\"40\" maxlength=\"400\" class=\"wpcf7-form-control wpcf7-text wpcf7-validates-as-required\" aria-required=\"true\" aria-invalid=\"false\" placeholder=\"Name und Vorname\" value=\"\" type=\"text\" name=\"nev\" \/><\/span>\n\t\t\t\t<\/p>\n\t\t\t<\/div>\n\t\t<\/div>\n\t\t<div class=\"col-sm-6\">\n\t\t\t<div class=\"input-group\">\n\t\t\t\t<p><span class=\"wpcf7-form-control-wrap\" data-name=\"email\"><input size=\"40\" maxlength=\"400\" class=\"wpcf7-form-control wpcf7-email wpcf7-validates-as-required wpcf7-text wpcf7-validates-as-email\" aria-required=\"true\" aria-invalid=\"false\" placeholder=\"E-Mail-Adresse\" value=\"\" type=\"email\" name=\"email\" \/><\/span>\n\t\t\t\t<\/p>\n\t\t\t<\/div>\n\t\t<\/div>\n\t\t<div class=\"col-sm-6\">\n\t\t\t<div class=\"input-group\">\n\t\t\t\t<p><span class=\"wpcf7-form-control-wrap\" data-name=\"tel\"><input size=\"40\" maxlength=\"400\" class=\"wpcf7-form-control wpcf7-tel wpcf7-validates-as-required wpcf7-text wpcf7-validates-as-tel\" aria-required=\"true\" aria-invalid=\"false\" placeholder=\"Telefonnummer\" value=\"\" type=\"tel\" name=\"tel\" \/><\/span>\n\t\t\t\t<\/p>\n\t\t\t<\/div>\n\t\t<\/div>\n\t\t<div class=\"col-sm-6\">\n\t\t\t<div class=\"input-group\">\n\t\t\t\t<p><span class=\"wpcf7-form-control-wrap\" data-name=\"dimensions\"><input size=\"40\" maxlength=\"400\" class=\"wpcf7-form-control wpcf7-text wpcf7-validates-as-required\" aria-required=\"true\" aria-invalid=\"false\" placeholder=\"Abmessungen\" value=\"\" type=\"text\" name=\"dimensions\" \/><\/span>\n\t\t\t\t<\/p>\n\t\t\t<\/div>\n\t\t<\/div>\n\t\t<div class=\"col-sm-6\">\n\t\t\t<div class=\"input-group\">\n\t\t\t\t<p><span class=\"wpcf7-form-control-wrap\" data-name=\"weight\"><input size=\"40\" maxlength=\"400\" class=\"wpcf7-form-control wpcf7-text wpcf7-validates-as-required\" aria-required=\"true\" aria-invalid=\"false\" placeholder=\"Gewicht\" value=\"\" type=\"text\" name=\"weight\" \/><\/span>\n\t\t\t\t<\/p>\n\t\t\t<\/div>\n\t\t<\/div>\n\t\t<div class=\"col-sm-6\">\n\t\t\t<div class=\"input-group\">\n\t\t\t\t<p><span class=\"wpcf7-form-control-wrap\" data-name=\"picked\"><input size=\"40\" maxlength=\"400\" class=\"wpcf7-form-control wpcf7-text wpcf7-validates-as-required\" aria-required=\"true\" aria-invalid=\"false\" placeholder=\"Aufnahmeort\" value=\"\" type=\"text\" name=\"picked\" \/><\/span>\n\t\t\t\t<\/p>\n\t\t\t<\/div>\n\t\t<\/div>\n\t\t<div class=\"col-sm-6\">\n\t\t\t<div class=\"input-group\">\n\t\t\t\t<p><span class=\"wpcf7-form-control-wrap\" data-name=\"delivery\"><input size=\"40\" maxlength=\"400\" class=\"wpcf7-form-control wpcf7-text wpcf7-validates-as-required\" aria-required=\"true\" aria-invalid=\"false\" placeholder=\"Lieferort\" value=\"\" type=\"text\" name=\"delivery\" \/><\/span>\n\t\t\t\t<\/p>\n\t\t\t<\/div>\n\t\t<\/div>\n\t\t<div class=\"col-sm-12\">\n\t\t\t<div class=\"input-group input-textarea\">\n\t\t\t\t<p><span class=\"wpcf7-form-control-wrap\" data-name=\"textarea-806\"><textarea cols=\"40\" rows=\"10\" maxlength=\"2000\" class=\"wpcf7-form-control wpcf7-textarea wpcf7-validates-as-required\" aria-required=\"true\" aria-invalid=\"false\" placeholder=\"Nachricht\" name=\"textarea-806\"><\/textarea><\/span>\n\t\t\t\t<\/p>\n\t\t\t<\/div>\n\t\t<\/div>\n\t\t<div class=\"col-sm-12\">\n\t\t\t<div class=\"input-group pbmit-quote-title-wrapper\">\n\t\t\t\t<p><strong class=\"pbmit-quote-title\">Datenschutzhinweis<\/strong>\n\t\t\t\t<\/p>\n\t\t\t<\/div>\n\t\t<\/div>\n\t\t<div class=\"col-sm-12\">\n\t\t\t<div class=\"input-group\">\n\t\t\t\t<p><span class=\"wpcf7-form-control-wrap\" data-name=\"privacy\"><span class=\"wpcf7-form-control wpcf7-acceptance\"><span class=\"wpcf7-list-item\"><label><input type=\"checkbox\" name=\"privacy\" value=\"1\" aria-invalid=\"false\" \/><span class=\"wpcf7-list-item-label\">Ich akzeptiere den <a href=\"https:\/\/revitrans.hu\/de\/datenschutzhinweis\/\">Datenschutzhinweis<\/a>.<\/span><\/label><\/span><\/span><\/span>\n\t\t\t\t<\/p>\n\t\t\t<\/div>\n\t\t<\/div>\n\t\t<div class=\"col-sm-12 d-flex\">\n\t\t\t<div class=\"input-group input-button pbmit-btn\">\n\t\t\t\t<p><button id='submit' class='wpcf7-form-control wpcf7-submit'><span class=\"pbmit-button-wrapper\"><span class=\"pbmit-button-text\">Einreichen<\/span><\/span><\/button><br \/>\n<a class=\"pbmit-button\" href=\"https:\/\/revitrans.hu\/de\/kontakt\/\"><span class=\"pbmit-button-wrapper\">Kontakt<\/span><\/a>\n\t\t\t\t<\/p>\n\t\t\t<\/div>\n\t\t<\/div>\n\t<\/div>\n<\/div><div class=\"wpcf7-response-output\" aria-hidden=\"true\"><\/div>\n<\/form>\n<\/div>\n<\/div>\n\t\t\t\t\t\t<\/div>\n\t\t\t\t<\/div>\n\t\t\t\t\t<\/div>\n\t\t<\/div>\n\t\t\t\t\t<\/div>\n\t\t<\/div>\n\t\t\t\t<\/div>\n\t\t","protected":false},"excerpt":{"rendered":"<p>Inl\u00e4ndische und internationale Warenlieferung Es ist auch m\u00f6glich, Nehmen Sie eine Teilladung, wenn Sie nicht das gesamte Fahrzeug bis zu seiner Kapazit\u00e4t ben\u00f6tigen. Wir empfehlen es, wenn Sie eine kleinere Sendung an Ihr Ziel liefern m\u00f6chten. Anfrage f\u00fcr ein Angebot Verfolgung Unsere Fahrzeuge sind neue LKW-Typen, die mit hochmodernen GPS-Systemen ausgestattet sind. Zus\u00e4tzlich dazu, dass [&hellip;]<\/p>\n","protected":false},"author":5,"featured_media":0,"parent":0,"menu_order":0,"comment_status":"closed","ping_status":"closed","template":"","meta":{"_acf_changed":false,"inline_featured_image":false,"footnotes":""},"class_list":["post-1048","page","type-page","status-publish","hentry"],"acf":[],"yoast_head":"<!-- This site is optimized with the Yoast SEO plugin v27.4 - https:\/\/yoast.com\/product\/yoast-seo-wordpress\/ -->\n<title>Lieferung zum Sammelpreis - Re-Vi Trans DE<\/title>\n<meta name=\"robots\" content=\"index, follow, max-snippet:-1, max-image-preview:large, max-video-preview:-1\" \/>\n<link rel=\"canonical\" href=\"https:\/\/revitrans.hu\/de\/lieferung-zum-sammelpreis\/\" \/>\n<meta property=\"og:locale\" content=\"en_US\" \/>\n<meta property=\"og:type\" content=\"article\" \/>\n<meta property=\"og:title\" content=\"Lieferung zum Sammelpreis - Re-Vi Trans DE\" \/>\n<meta property=\"og:description\" content=\"Inl\u00e4ndische und internationale Warenlieferung Es ist auch m\u00f6glich, Nehmen Sie eine Teilladung, wenn Sie nicht das gesamte Fahrzeug bis zu seiner Kapazit\u00e4t ben\u00f6tigen. Wir empfehlen es, wenn Sie eine kleinere Sendung an Ihr Ziel liefern m\u00f6chten. Anfrage f\u00fcr ein Angebot Verfolgung Unsere Fahrzeuge sind neue LKW-Typen, die mit hochmodernen GPS-Systemen ausgestattet sind. Zus\u00e4tzlich dazu, dass [&hellip;]\" \/>\n<meta property=\"og:url\" content=\"https:\/\/revitrans.hu\/de\/lieferung-zum-sammelpreis\/\" \/>\n<meta property=\"og:site_name\" content=\"Re-Vi Trans DE\" \/>\n<meta property=\"article:modified_time\" content=\"2024-10-25T10:25:34+00:00\" \/>\n<meta name=\"twitter:card\" content=\"summary_large_image\" \/>\n<meta name=\"twitter:label1\" content=\"Est. reading time\" \/>\n\t<meta name=\"twitter:data1\" content=\"1 minute\" \/>\n<script type=\"application\/ld+json\" class=\"yoast-schema-graph\">{\"@context\":\"https:\\\/\\\/schema.org\",\"@graph\":[{\"@type\":\"WebPage\",\"@id\":\"https:\\\/\\\/revitrans.hu\\\/de\\\/lieferung-zum-sammelpreis\\\/\",\"url\":\"https:\\\/\\\/revitrans.hu\\\/de\\\/lieferung-zum-sammelpreis\\\/\",\"name\":\"Lieferung zum Sammelpreis - Re-Vi Trans DE\",\"isPartOf\":{\"@id\":\"https:\\\/\\\/revitrans.hu\\\/de\\\/#website\"},\"datePublished\":\"2024-09-25T12:50:32+00:00\",\"dateModified\":\"2024-10-25T10:25:34+00:00\",\"breadcrumb\":{\"@id\":\"https:\\\/\\\/revitrans.hu\\\/de\\\/lieferung-zum-sammelpreis\\\/#breadcrumb\"},\"inLanguage\":\"en-US\",\"potentialAction\":[{\"@type\":\"ReadAction\",\"target\":[\"https:\\\/\\\/revitrans.hu\\\/de\\\/lieferung-zum-sammelpreis\\\/\"]}]},{\"@type\":\"BreadcrumbList\",\"@id\":\"https:\\\/\\\/revitrans.hu\\\/de\\\/lieferung-zum-sammelpreis\\\/#breadcrumb\",\"itemListElement\":[{\"@type\":\"ListItem\",\"position\":1,\"name\":\"Home\",\"item\":\"https:\\\/\\\/revitrans.hu\\\/de\\\/\"},{\"@type\":\"ListItem\",\"position\":2,\"name\":\"Lieferung zum Sammelpreis\"}]},{\"@type\":\"WebSite\",\"@id\":\"https:\\\/\\\/revitrans.hu\\\/de\\\/#website\",\"url\":\"https:\\\/\\\/revitrans.hu\\\/de\\\/\",\"name\":\"Re-Vi Trans DE\",\"description\":\"Blitzschnelle Liefergarantie oder professionelle und p\u00fcnktliche L\u00f6sungen f\u00fcr Ihren Transportbedarf\",\"potentialAction\":[{\"@type\":\"SearchAction\",\"target\":{\"@type\":\"EntryPoint\",\"urlTemplate\":\"https:\\\/\\\/revitrans.hu\\\/de\\\/?s={search_term_string}\"},\"query-input\":{\"@type\":\"PropertyValueSpecification\",\"valueRequired\":true,\"valueName\":\"search_term_string\"}}],\"inLanguage\":\"en-US\"}]}<\/script>\n<!-- \/ Yoast SEO plugin. -->","yoast_head_json":{"title":"Lieferung zum Sammelpreis - Re-Vi Trans DE","robots":{"index":"index","follow":"follow","max-snippet":"max-snippet:-1","max-image-preview":"max-image-preview:large","max-video-preview":"max-video-preview:-1"},"canonical":"https:\/\/revitrans.hu\/de\/lieferung-zum-sammelpreis\/","og_locale":"en_US","og_type":"article","og_title":"Lieferung zum Sammelpreis - Re-Vi Trans DE","og_description":"Inl\u00e4ndische und internationale Warenlieferung Es ist auch m\u00f6glich, Nehmen Sie eine Teilladung, wenn Sie nicht das gesamte Fahrzeug bis zu seiner Kapazit\u00e4t ben\u00f6tigen. Wir empfehlen es, wenn Sie eine kleinere Sendung an Ihr Ziel liefern m\u00f6chten. Anfrage f\u00fcr ein Angebot Verfolgung Unsere Fahrzeuge sind neue LKW-Typen, die mit hochmodernen GPS-Systemen ausgestattet sind. Zus\u00e4tzlich dazu, dass [&hellip;]","og_url":"https:\/\/revitrans.hu\/de\/lieferung-zum-sammelpreis\/","og_site_name":"Re-Vi Trans DE","article_modified_time":"2024-10-25T10:25:34+00:00","twitter_card":"summary_large_image","twitter_misc":{"Est. reading time":"1 minute"},"schema":{"@context":"https:\/\/schema.org","@graph":[{"@type":"WebPage","@id":"https:\/\/revitrans.hu\/de\/lieferung-zum-sammelpreis\/","url":"https:\/\/revitrans.hu\/de\/lieferung-zum-sammelpreis\/","name":"Lieferung zum Sammelpreis - Re-Vi Trans DE","isPartOf":{"@id":"https:\/\/revitrans.hu\/de\/#website"},"datePublished":"2024-09-25T12:50:32+00:00","dateModified":"2024-10-25T10:25:34+00:00","breadcrumb":{"@id":"https:\/\/revitrans.hu\/de\/lieferung-zum-sammelpreis\/#breadcrumb"},"inLanguage":"en-US","potentialAction":[{"@type":"ReadAction","target":["https:\/\/revitrans.hu\/de\/lieferung-zum-sammelpreis\/"]}]},{"@type":"BreadcrumbList","@id":"https:\/\/revitrans.hu\/de\/lieferung-zum-sammelpreis\/#breadcrumb","itemListElement":[{"@type":"ListItem","position":1,"name":"Home","item":"https:\/\/revitrans.hu\/de\/"},{"@type":"ListItem","position":2,"name":"Lieferung zum Sammelpreis"}]},{"@type":"WebSite","@id":"https:\/\/revitrans.hu\/de\/#website","url":"https:\/\/revitrans.hu\/de\/","name":"Re-Vi Trans DE","description":"Blitzschnelle Liefergarantie oder professionelle und p\u00fcnktliche L\u00f6sungen f\u00fcr Ihren Transportbedarf","potentialAction":[{"@type":"SearchAction","target":{"@type":"EntryPoint","urlTemplate":"https:\/\/revitrans.hu\/de\/?s={search_term_string}"},"query-input":{"@type":"PropertyValueSpecification","valueRequired":true,"valueName":"search_term_string"}}],"inLanguage":"en-US"}]}},"_links":{"self":[{"href":"https:\/\/revitrans.hu\/de\/wp-json\/wp\/v2\/pages\/1048","targetHints":{"allow":["GET"]}}],"collection":[{"href":"https:\/\/revitrans.hu\/de\/wp-json\/wp\/v2\/pages"}],"about":[{"href":"https:\/\/revitrans.hu\/de\/wp-json\/wp\/v2\/types\/page"}],"author":[{"embeddable":true,"href":"https:\/\/revitrans.hu\/de\/wp-json\/wp\/v2\/users\/5"}],"replies":[{"embeddable":true,"href":"https:\/\/revitrans.hu\/de\/wp-json\/wp\/v2\/comments?post=1048"}],"version-history":[{"count":11,"href":"https:\/\/revitrans.hu\/de\/wp-json\/wp\/v2\/pages\/1048\/revisions"}],"predecessor-version":[{"id":1367,"href":"https:\/\/revitrans.hu\/de\/wp-json\/wp\/v2\/pages\/1048\/revisions\/1367"}],"wp:attachment":[{"href":"https:\/\/revitrans.hu\/de\/wp-json\/wp\/v2\/media?parent=1048"}],"curies":[{"name":"wp","href":"https:\/\/api.w.org\/{rel}","templated":true}]}}