{"id":1044,"date":"2024-09-25T14:49:37","date_gmt":"2024-09-25T12:49:37","guid":{"rendered":"https:\/\/uj.revitrans.hu\/en\/?page_id=1044"},"modified":"2024-10-24T19:32:04","modified_gmt":"2024-10-24T17:32:04","slug":"gumming","status":"publish","type":"page","link":"https:\/\/revitrans.hu\/en\/gumming\/","title":{"rendered":"Gumming"},"content":{"rendered":"\t\t<div data-elementor-type=\"wp-page\" data-elementor-id=\"1044\" class=\"elementor elementor-1044\">\n\t\t\t\t\t\t<div class=\"elementor-section elementor-top-section elementor-element elementor-element-78f2fc36 pbmit-col-stretched-both elementor-section-stretched pbmit-cursor-color-blackish-color pbmit-bg-color-over-image elementor-section-boxed elementor-section-height-default elementor-section-height-default\" data-id=\"78f2fc36\" data-element_type=\"section\" data-e-type=\"section\" data-settings=\"{&quot;stretch_section&quot;:&quot;section-stretched&quot;}\">\n\t\t\t\t\t\t\t<div class=\"elementor-background-overlay\"><\/div>\n\t\t\t\t\t\t\t<div class=\"elementor-container elementor-column-gap-no\">\n\t\t\t\t\t<div class=\"elementor-column elementor-col-50 elementor-top-column elementor-element elementor-element-9083027 pbmit-bg-color-over-image\" data-id=\"9083027\" data-element_type=\"column\" data-e-type=\"column\" data-settings=\"{&quot;background_background&quot;:&quot;classic&quot;}\">\n\t\t\t<div class=\"elementor-widget-wrap elementor-element-populated\">\n\t\t\t\t\t\t<div class=\"elementor-element elementor-element-11491bcc elementor-widget elementor-widget-spacer\" data-id=\"11491bcc\" data-element_type=\"widget\" data-e-type=\"widget\" data-widget_type=\"spacer.default\">\n\t\t\t\t<div class=\"elementor-widget-container\">\n\t\t\t\t\t\t\t<div class=\"elementor-spacer\">\n\t\t\t<div class=\"elementor-spacer-inner\"><\/div>\n\t\t<\/div>\n\t\t\t\t\t\t<\/div>\n\t\t\t\t<\/div>\n\t\t\t\t\t<\/div>\n\t\t<\/div>\n\t\t\t\t<div class=\"elementor-column elementor-col-50 elementor-top-column elementor-element elementor-element-1a119cbd pbmit-bg-color-yes pbmit-elementor-bg-color-globalcolor pbmit-bg-color-over-image\" data-id=\"1a119cbd\" data-element_type=\"column\" data-e-type=\"column\">\n\t\t\t<div class=\"elementor-widget-wrap elementor-element-populated\">\n\t\t\t\t\t\t<div class=\"elementor-element elementor-element-70e9798a elementor-widget elementor-widget-pbmit_heading\" data-id=\"70e9798a\" data-element_type=\"widget\" data-e-type=\"widget\" data-widget_type=\"pbmit_heading.default\">\n\t\t\t\t<div class=\"elementor-widget-container\">\n\t\t\t\t\t\t<div class=\"pbmit-heading-subheading pbmit-heading-subheading-style-1 pbmit-reverse-heading-yes\"><h2 class=\"pbmit-element-title\">\r\n\t\t\t\r\n\t\t\t\tTire and wheel replacement\r\n\t\t\t\r\n\t\t\t<\/h2>\r\n\t\t<div class=\"pbmit-heading-desc\">Seasonal retreading (winter-summer) and centering services are available at our location.<\/div><\/div>\t\t\t\t<\/div>\n\t\t\t\t<\/div>\n\t\t\t\t<div class=\"elementor-element elementor-element-691a411a pbmit-btn-shape-rounded pbmit-btn-color-white pbmit-btn-hover-color-blackish pbmit-btn-style-flat pbmit-btn-magnatic-yes elementor-widget elementor-widget-button\" data-id=\"691a411a\" data-element_type=\"widget\" data-e-type=\"widget\" data-widget_type=\"button.default\">\n\t\t\t\t<div class=\"elementor-widget-container\">\n\t\t\t\t\t\t\t\t\t<div class=\"elementor-button-wrapper\">\n\t\t\t\t\t<a class=\"elementor-button elementor-button-link elementor-size-sm\" href=\"#quote\">\n\t\t\t\t\t\t<span class=\"elementor-button-content-wrapper\">\n\t\t\t\t\t\t\t\t\t<span class=\"elementor-button-text\">Get a Quote<\/span>\n\t\t\t\t\t<\/span>\n\t\t\t\t\t<\/a>\n\t\t\t\t<\/div>\n\t\t\t\t\t\t\t\t<\/div>\n\t\t\t\t<\/div>\n\t\t\t\t\t<\/div>\n\t\t<\/div>\n\t\t\t\t\t<\/div>\n\t\t<\/div>\n\t\t\t\t<div class=\"elementor-section elementor-top-section elementor-element elementor-element-4aba6dc0 pbmit-col-stretched-both elementor-section-full_width pbmit-cursor-color-blackish-color pbmit-bg-color-over-image elementor-section-height-default elementor-section-height-default\" data-id=\"4aba6dc0\" data-element_type=\"section\" data-e-type=\"section\">\n\t\t\t\t\t\t<div class=\"elementor-container elementor-column-gap-no\">\n\t\t\t\t\t<div class=\"elementor-column elementor-col-100 elementor-top-column elementor-element elementor-element-d0e7357 pbmit-bg-color-over-image\" data-id=\"d0e7357\" data-element_type=\"column\" data-e-type=\"column\">\n\t\t\t<div class=\"elementor-widget-wrap elementor-element-populated\">\n\t\t\t\t\t\t<div class=\"elementor-section elementor-inner-section elementor-element elementor-element-1db8cc39 pbmit-col-stretched-none pbmit-cursor-color-blackish-color pbmit-bg-color-over-image elementor-section-boxed elementor-section-height-default elementor-section-height-default\" data-id=\"1db8cc39\" data-element_type=\"section\" data-e-type=\"section\" data-settings=\"{&quot;background_background&quot;:&quot;classic&quot;}\">\n\t\t\t\t\t\t<div class=\"elementor-container elementor-column-gap-no\">\n\t\t\t\t\t<div class=\"elementor-column elementor-col-100 elementor-inner-column elementor-element elementor-element-7c3bbb66 pbmit-bg-color-over-image\" data-id=\"7c3bbb66\" data-element_type=\"column\" data-e-type=\"column\">\n\t\t\t<div class=\"elementor-widget-wrap elementor-element-populated\">\n\t\t\t\t\t\t<div class=\"elementor-element elementor-element-ba2098e elementor-widget elementor-widget-pbmit_ptable_element\" data-id=\"ba2098e\" data-element_type=\"widget\" data-e-type=\"widget\" data-widget_type=\"pbmit_ptable_element.default\">\n\t\t\t\t<div class=\"elementor-widget-container\">\n\t\t\t\t\t\r\n\t\t<div class=\"pbminfotech-ele pbminfotech-ele-pricing-table pbminfotech-ele-ptable-style-1\">\r\n\r\n\t\t\t\t<div class=\"pbmit-heading-subheading pbmit-heading-subheading-style-1 \"><h3 class=\"pbmit-element-title\">\r\n\t\t\t\r\n\t\t\t\tPassenger car\r\n\t\t\t\r\n\t\t\t<\/h3>\r\n\t\t<\/div>\r\n\t\t\t<div class=\"pbmit-ptable-cols row multi-columns-row\"><div class=\"pbmit-pricing-table-featured-col pbmit-ptable-col col-lg-4 col-md-6 col-sm-12\"><div class=\"pbmit-pricing-table-box\">\r\n\t\t<div class=\"pbmit-ptablebox-featured-w\">popular<\/div>\t<div class=\"pbmit-heading-wrap d-flex justify-content-between\">\r\n\t\t<div class=\"pbmit-heading-wrapper\">\r\n\t\t\t<h3 class=\"pbminfotech-ptable-heading\">13-14\"<\/h3><div class=\"pbminfotech-sep\"><\/div>\t\t\t\t\t<\/div>\r\n\t\t<div class=\"pbmit-ptable-icon\"><div class=\"pbmit-ptable-icon-wrapper\"><i class=\"fas fa-car\"><\/i><\/div><\/div>\t<\/div>\r\n\t<div class=\"pbmit-head-wrap\">\r\n\t\t<div class=\"pbminfotech-ptable-price-w d-flex\">\r\n\t\t\t <div class=\"pbminfotech-ptable-price\">2500 Ft<\/div>\t\t<\/div>\r\n\t\t<div class=\"pbminfotech-ptable-frequency\">pcs<\/div>\t<\/div>\r\n\t<div class=\"pbmit-ptable-inner\">\r\n\t\t<div class=\"pbmit-ptable-lines-w\">\r\n\t\t\t<div class=\"pbmit-ptable-line\">+ VAT<\/div>\t\t<\/div>\r\n\t<\/div>\r\n\t<div class=\"pbminfotech-ptable-btn pbmit-svg-btn\">\r\n\t\t\t<\/div>\r\n<\/div><\/div><div class=\"pbmit-ptable-col col-lg-4 col-md-6 col-sm-12\"><div class=\"pbmit-pricing-table-box\">\r\n\t\t\t<div class=\"pbmit-heading-wrap d-flex justify-content-between\">\r\n\t\t<div class=\"pbmit-heading-wrapper\">\r\n\t\t\t<h3 class=\"pbminfotech-ptable-heading\">18-20\"<\/h3><div class=\"pbminfotech-sep\"><\/div>\t\t\t\t\t<\/div>\r\n\t\t<div class=\"pbmit-ptable-icon\"><div class=\"pbmit-ptable-icon-wrapper\"><i class=\"fas fa-car\"><\/i><\/div><\/div>\t<\/div>\r\n\t<div class=\"pbmit-head-wrap\">\r\n\t\t<div class=\"pbminfotech-ptable-price-w d-flex\">\r\n\t\t\t <div class=\"pbminfotech-ptable-price\">3500 Ft<\/div>\t\t<\/div>\r\n\t\t<div class=\"pbminfotech-ptable-frequency\">pcs<\/div>\t<\/div>\r\n\t<div class=\"pbmit-ptable-inner\">\r\n\t\t<div class=\"pbmit-ptable-lines-w\">\r\n\t\t\t<div class=\"pbmit-ptable-line\">+ VAT<\/div>\t\t<\/div>\r\n\t<\/div>\r\n\t<div class=\"pbminfotech-ptable-btn pbmit-svg-btn\">\r\n\t\t\t<\/div>\r\n<\/div><\/div><div class=\"pbmit-ptable-col col-lg-4 col-md-6 col-sm-12\"><div class=\"pbmit-pricing-table-box\">\r\n\t\t\t<div class=\"pbmit-heading-wrap d-flex justify-content-between\">\r\n\t\t<div class=\"pbmit-heading-wrapper\">\r\n\t\t\t<h3 class=\"pbminfotech-ptable-heading\">15-17\"<\/h3><div class=\"pbminfotech-sep\"><\/div>\t\t\t\t\t<\/div>\r\n\t\t<div class=\"pbmit-ptable-icon\"><div class=\"pbmit-ptable-icon-wrapper\"><i class=\"fas fa-car\"><\/i><\/div><\/div>\t<\/div>\r\n\t<div class=\"pbmit-head-wrap\">\r\n\t\t<div class=\"pbminfotech-ptable-price-w d-flex\">\r\n\t\t\t <div class=\"pbminfotech-ptable-price\">3000 Ft<\/div>\t\t<\/div>\r\n\t\t<div class=\"pbminfotech-ptable-frequency\">pcs<\/div>\t<\/div>\r\n\t<div class=\"pbmit-ptable-inner\">\r\n\t\t<div class=\"pbmit-ptable-lines-w\">\r\n\t\t\t<div class=\"pbmit-ptable-line\">+ VAT<\/div>\t\t<\/div>\r\n\t<\/div>\r\n\t<div class=\"pbminfotech-ptable-btn pbmit-svg-btn\">\r\n\t\t\t<\/div>\r\n<\/div><\/div><\/div>\r\n\t\t<\/div><!-- pbminfotech-ele pbminfotech-ele-pricing-table -->\r\n\r\n\t\t\t\t\t\t<\/div>\n\t\t\t\t<\/div>\n\t\t\t\t\t<\/div>\n\t\t<\/div>\n\t\t\t\t\t<\/div>\n\t\t<\/div>\n\t\t\t\t\t<\/div>\n\t\t<\/div>\n\t\t\t\t\t<\/div>\n\t\t<\/div>\n\t\t\t\t<div class=\"elementor-section elementor-top-section elementor-element elementor-element-55fa74c pbmit-col-stretched-both elementor-section-stretched elementor-section-full_width pbmit-cursor-color-blackish-color pbmit-bg-color-over-image elementor-section-height-default elementor-section-height-default\" data-id=\"55fa74c\" data-element_type=\"section\" data-e-type=\"section\" data-settings=\"{&quot;stretch_section&quot;:&quot;section-stretched&quot;}\">\n\t\t\t\t\t\t<div class=\"elementor-container elementor-column-gap-no\">\n\t\t\t\t\t<div class=\"elementor-column elementor-col-100 elementor-top-column elementor-element elementor-element-87ff7cf pbmit-bg-color-yes pbmit-elementor-bg-color-secondary pbmit-bg-color-over-image\" data-id=\"87ff7cf\" data-element_type=\"column\" data-e-type=\"column\">\n\t\t\t<div class=\"elementor-widget-wrap elementor-element-populated\">\n\t\t\t\t\t\t<div class=\"elementor-section elementor-inner-section elementor-element elementor-element-fc8dfe5 pbmit-col-stretched-none pbmit-cursor-color-blackish-color pbmit-bg-color-over-image elementor-section-boxed elementor-section-height-default elementor-section-height-default\" data-id=\"fc8dfe5\" data-element_type=\"section\" data-e-type=\"section\">\n\t\t\t\t\t\t<div class=\"elementor-container elementor-column-gap-no\">\n\t\t\t\t\t<div class=\"elementor-column elementor-col-100 elementor-inner-column elementor-element elementor-element-6dc86c2 pbmit-bg-color-over-image\" data-id=\"6dc86c2\" data-element_type=\"column\" data-e-type=\"column\">\n\t\t\t<div class=\"elementor-widget-wrap elementor-element-populated\">\n\t\t\t\t\t\t<div class=\"elementor-element elementor-element-b5c9b0e elementor-widget elementor-widget-pbmit_ptable_element\" data-id=\"b5c9b0e\" data-element_type=\"widget\" data-e-type=\"widget\" data-widget_type=\"pbmit_ptable_element.default\">\n\t\t\t\t<div class=\"elementor-widget-container\">\n\t\t\t\t\t\r\n\t\t<div class=\"pbminfotech-ele pbminfotech-ele-pricing-table pbminfotech-ele-ptable-style-1\">\r\n\r\n\t\t\t\t<div class=\"pbmit-heading-subheading pbmit-heading-subheading-style-1 \"><h3 class=\"pbmit-element-title\">\r\n\t\t\t\r\n\t\t\t\tPickup truck\r\n\t\t\t\r\n\t\t\t<\/h3>\r\n\t\t<\/div>\r\n\t\t\t<div class=\"pbmit-ptable-cols row multi-columns-row\"><div class=\"pbmit-ptable-col col-lg-4 col-md-6 col-sm-12\"><div class=\"pbmit-pricing-table-box\">\r\n\t\t\t<div class=\"pbmit-heading-wrap d-flex justify-content-between\">\r\n\t\t<div class=\"pbmit-heading-wrapper\">\r\n\t\t\t<h3 class=\"pbminfotech-ptable-heading\">3.5 tons<\/h3><div class=\"pbminfotech-sep\"><\/div>\t\t\t\t\t<\/div>\r\n\t\t<div class=\"pbmit-ptable-icon\"><div class=\"pbmit-ptable-icon-wrapper\"><i class=\"fas fa-truck\"><\/i><\/div><\/div>\t<\/div>\r\n\t<div class=\"pbmit-head-wrap\">\r\n\t\t<div class=\"pbminfotech-ptable-price-w d-flex\">\r\n\t\t\t <div class=\"pbminfotech-ptable-price\">3500 Ft<\/div>\t\t<\/div>\r\n\t\t<div class=\"pbminfotech-ptable-frequency\">pcs<\/div>\t<\/div>\r\n\t<div class=\"pbmit-ptable-inner\">\r\n\t\t<div class=\"pbmit-ptable-lines-w\">\r\n\t\t\t<div class=\"pbmit-ptable-line\">+ VAT<\/div>\t\t<\/div>\r\n\t<\/div>\r\n\t<div class=\"pbminfotech-ptable-btn pbmit-svg-btn\">\r\n\t\t\t<\/div>\r\n<\/div><\/div><div class=\"pbmit-pricing-table-featured-col pbmit-ptable-col col-lg-4 col-md-6 col-sm-12\"><div class=\"pbmit-pricing-table-box\">\r\n\t\t<div class=\"pbmit-ptablebox-featured-w\">popular<\/div>\t<div class=\"pbmit-heading-wrap d-flex justify-content-between\">\r\n\t\t<div class=\"pbmit-heading-wrapper\">\r\n\t\t\t<h3 class=\"pbminfotech-ptable-heading\">Complete wheel change<\/h3><div class=\"pbminfotech-sep\"><\/div>\t\t\t\t\t<\/div>\r\n\t\t<div class=\"pbmit-ptable-icon\"><div class=\"pbmit-ptable-icon-wrapper\"><i class=\"fas fa-truck\"><\/i><\/div><\/div>\t<\/div>\r\n\t<div class=\"pbmit-head-wrap\">\r\n\t\t<div class=\"pbminfotech-ptable-price-w d-flex\">\r\n\t\t\t <div class=\"pbminfotech-ptable-price\">1500 Ft<\/div>\t\t<\/div>\r\n\t\t<div class=\"pbminfotech-ptable-frequency\">pcs<\/div>\t<\/div>\r\n\t<div class=\"pbmit-ptable-inner\">\r\n\t\t<div class=\"pbmit-ptable-lines-w\">\r\n\t\t\t<div class=\"pbmit-ptable-line\">+ VAT<\/div>\t\t<\/div>\r\n\t<\/div>\r\n\t<div class=\"pbminfotech-ptable-btn pbmit-svg-btn\">\r\n\t\t\t<\/div>\r\n<\/div><\/div><div class=\"pbmit-ptable-col col-lg-4 col-md-6 col-sm-12\"><div class=\"pbmit-pricing-table-box\">\r\n\t\t\t<div class=\"pbmit-heading-wrap d-flex justify-content-between\">\r\n\t\t<div class=\"pbmit-heading-wrapper\">\r\n\t\t\t<h3 class=\"pbminfotech-ptable-heading\">Centering<\/h3><div class=\"pbminfotech-sep\"><\/div>\t\t\t\t\t<\/div>\r\n\t\t<div class=\"pbmit-ptable-icon\"><div class=\"pbmit-ptable-icon-wrapper\"><i class=\"fas fa-truck\"><\/i><\/div><\/div>\t<\/div>\r\n\t<div class=\"pbmit-head-wrap\">\r\n\t\t<div class=\"pbminfotech-ptable-price-w d-flex\">\r\n\t\t\t <div class=\"pbminfotech-ptable-price\">1000 Ft<\/div>\t\t<\/div>\r\n\t\t<div class=\"pbminfotech-ptable-frequency\">pcs<\/div>\t<\/div>\r\n\t<div class=\"pbmit-ptable-inner\">\r\n\t\t<div class=\"pbmit-ptable-lines-w\">\r\n\t\t\t<div class=\"pbmit-ptable-line\">+ VAT<\/div>\t\t<\/div>\r\n\t<\/div>\r\n\t<div class=\"pbminfotech-ptable-btn pbmit-svg-btn\">\r\n\t\t\t<\/div>\r\n<\/div><\/div><\/div>\r\n\t\t<\/div><!-- pbminfotech-ele pbminfotech-ele-pricing-table -->\r\n\r\n\t\t\t\t\t\t<\/div>\n\t\t\t\t<\/div>\n\t\t\t\t\t<\/div>\n\t\t<\/div>\n\t\t\t\t\t<\/div>\n\t\t<\/div>\n\t\t\t\t\t<\/div>\n\t\t<\/div>\n\t\t\t\t\t<\/div>\n\t\t<\/div>\n\t\t\t\t<div class=\"elementor-section elementor-top-section elementor-element elementor-element-5e0e2e0b pbmit-col-stretched-none pbmit-cursor-color-blackish-color pbmit-bg-color-over-image elementor-section-boxed elementor-section-height-default elementor-section-height-default\" data-id=\"5e0e2e0b\" data-element_type=\"section\" data-e-type=\"section\" id=\"quote\">\n\t\t\t\t\t\t<div class=\"elementor-container elementor-column-gap-no\">\n\t\t\t\t\t<div class=\"elementor-column elementor-col-100 elementor-top-column elementor-element elementor-element-3ae51035 pbmit-bg-color-over-image\" data-id=\"3ae51035\" data-element_type=\"column\" data-e-type=\"column\">\n\t\t\t<div class=\"elementor-widget-wrap elementor-element-populated\">\n\t\t\t\t\t\t<div class=\"elementor-element elementor-element-7b6aeadb pbmit-ihbox-style-7-second elementor-widget elementor-widget-pbmit_icon_heading\" data-id=\"7b6aeadb\" data-element_type=\"widget\" data-e-type=\"widget\" data-widget_type=\"pbmit_icon_heading.default\">\n\t\t\t\t<div class=\"elementor-widget-container\">\n\t\t\t\t\t<div class=\"pbmit-ihbox pbmit-ihbox-style-7\"><div class=\"pbmit-ihbox-box d-flex\">\r\n\t<div class=\"pbmit-ihbox-icon\"><div class=\"pbmit-ihbox-icon-wrapper pbmit-ihbox-icon-type-icon\"><i class=\"fas fa-calculator\"><\/i><\/div><\/div>\t<div class=\"pbmit-ihbox-contents\">\r\n\t\t<h2 class=\"pbmit-element-title\">Appointment booking\n<\/h2>\t\t<div class=\"pbmit-heading-desc\">Please fill in all the fields to get the full price<\/div>\t<\/div><!-- .pbmit-ihbox-contents -->\r\n<\/div><\/div>\t\t\t\t<\/div>\n\t\t\t\t<\/div>\n\t\t\t\t<div class=\"elementor-element elementor-element-70b2c839 elementor-widget elementor-widget-shortcode\" data-id=\"70b2c839\" data-element_type=\"widget\" data-e-type=\"widget\" data-widget_type=\"shortcode.default\">\n\t\t\t\t<div class=\"elementor-widget-container\">\n\t\t\t\t\t\t\t<div class=\"elementor-shortcode\">\n<div class=\"wpcf7 no-js\" id=\"wpcf7-f13-o1\" lang=\"en-GB\" dir=\"ltr\" data-wpcf7-id=\"13\">\n<div class=\"screen-reader-response\"><p role=\"status\" aria-live=\"polite\" aria-atomic=\"true\"><\/p> <ul><\/ul><\/div>\n<form action=\"\/en\/wp-json\/wp\/v2\/pages\/1044#wpcf7-f13-o1\" method=\"post\" class=\"wpcf7-form init\" aria-label=\"Contact form\" novalidate=\"novalidate\" data-status=\"init\">\n<fieldset class=\"hidden-fields-container\"><input type=\"hidden\" name=\"_wpcf7\" value=\"13\" \/><input type=\"hidden\" name=\"_wpcf7_version\" value=\"6.1.5\" \/><input type=\"hidden\" name=\"_wpcf7_locale\" value=\"en_GB\" \/><input type=\"hidden\" name=\"_wpcf7_unit_tag\" value=\"wpcf7-f13-o1\" \/><input type=\"hidden\" name=\"_wpcf7_container_post\" value=\"0\" \/><input type=\"hidden\" name=\"_wpcf7_posted_data_hash\" value=\"\" \/>\n<\/fieldset>\n<div class=\"pbmit-form logistbiz-quote-form\">\n\t<div class=\"row\">\n\t\t<div class=\"col-sm-6\">\n\t\t\t<div class=\"input-group\">\n\t\t\t\t<p><span class=\"wpcf7-form-control-wrap\" data-name=\"your-name\"><input size=\"40\" maxlength=\"400\" class=\"wpcf7-form-control wpcf7-text wpcf7-validates-as-required\" aria-required=\"true\" aria-invalid=\"false\" placeholder=\"Name\" value=\"\" type=\"text\" name=\"your-name\" \/><\/span>\n\t\t\t\t<\/p>\n\t\t\t<\/div>\n\t\t<\/div>\n\t\t<div class=\"col-sm-6\">\n\t\t\t<div class=\"input-group\">\n\t\t\t\t<p><span class=\"wpcf7-form-control-wrap\" data-name=\"your-email\"><input size=\"40\" maxlength=\"400\" class=\"wpcf7-form-control wpcf7-email wpcf7-validates-as-required wpcf7-text wpcf7-validates-as-email\" aria-required=\"true\" aria-invalid=\"false\" placeholder=\"Email\" value=\"\" type=\"email\" name=\"your-email\" \/><\/span>\n\t\t\t\t<\/p>\n\t\t\t<\/div>\n\t\t<\/div>\n\t\t<div class=\"col-sm-6\">\n\t\t\t<div class=\"input-group\">\n\t\t\t\t<p><span class=\"wpcf7-form-control-wrap\" data-name=\"phone\"><input size=\"40\" maxlength=\"400\" class=\"wpcf7-form-control wpcf7-tel wpcf7-validates-as-required wpcf7-text wpcf7-validates-as-tel\" aria-required=\"true\" aria-invalid=\"false\" placeholder=\"Phone\" value=\"\" type=\"tel\" name=\"phone\" \/><\/span>\n\t\t\t\t<\/p>\n\t\t\t<\/div>\n\t\t<\/div>\n\t\t<div class=\"col-sm-6\">\n\t\t\t<div class=\"input-group\">\n\t\t\t\t<p><span class=\"wpcf7-form-control-wrap\" data-name=\"subject\"><input size=\"40\" maxlength=\"400\" class=\"wpcf7-form-control wpcf7-text wpcf7-validates-as-required\" aria-required=\"true\" aria-invalid=\"false\" placeholder=\"Subject\" value=\"\" type=\"text\" name=\"subject\" \/><\/span>\n\t\t\t\t<\/p>\n\t\t\t<\/div>\n\t\t<\/div>\n\t\t<div class=\"col-sm-12\">\n\t\t\t<div class=\"input-group input-textarea\">\n\t\t\t\t<p><span class=\"wpcf7-form-control-wrap\" data-name=\"textarea-806\"><textarea cols=\"40\" rows=\"10\" maxlength=\"2000\" class=\"wpcf7-form-control wpcf7-textarea wpcf7-validates-as-required\" aria-required=\"true\" aria-invalid=\"false\" placeholder=\"Message\" name=\"textarea-806\"><\/textarea><\/span>\n\t\t\t\t<\/p>\n\t\t\t<\/div>\n\t\t<\/div>\n\t<\/div>\n\t<div class=\"col-sm-12\">\n\t\t<div class=\"input-group pbmit-quote-title-wrapper\">\n\t\t\t<p><strong class=\"pbmit-quote-title\">Privacy Policy<\/strong>\n\t\t\t<\/p>\n\t\t<\/div>\n\t<\/div>\n\t<div class=\"col-sm-12\">\n\t\t<div class=\"input-group\">\n\t\t\t<p><span class=\"wpcf7-form-control-wrap\" data-name=\"privacy\"><span class=\"wpcf7-form-control wpcf7-acceptance\"><span class=\"wpcf7-list-item\"><label><input type=\"checkbox\" name=\"privacy\" value=\"1\" aria-invalid=\"false\" \/><span class=\"wpcf7-list-item-label\">I accept the <a href=\"https:\/\/revitrans.hu\/en\/adatvedelmi-tajekoztato\/\">Privacy Policy<\/a>.<\/span><\/label><\/span><\/span><\/span>\n\t\t\t<\/p>\n\t\t<\/div>\n\t<\/div>\n\t<div class=\"col-sm-12 d-flex\">\n\t\t<div class=\"input-group input-button pbmit-btn\">\n\t\t\t<p><button id='submit' class='wpcf7-form-control wpcf7-submit'><span class=\"pbmit-button-wrapper\"><span class=\"pbmit-button-text\">Submit<\/span><\/span><\/button>\n\t\t\t<\/p>\n\t\t<\/div>\n\t<\/div>\n<\/div>\n<div class=\"wpcf7-response-output\" aria-hidden=\"true\"><\/div>\n<\/form>\n<\/div>\n<\/div>\n\t\t\t\t\t\t<\/div>\n\t\t\t\t<\/div>\n\t\t\t\t\t<\/div>\n\t\t<\/div>\n\t\t\t\t\t<\/div>\n\t\t<\/div>\n\t\t\t\t<\/div>\n\t\t","protected":false},"excerpt":{"rendered":"<p>Tire and wheel replacement Seasonal retreading (winter-summer) and centering services are available at our location. Get a Quote Passenger car popular 13-14&#8243; 2500 Ft pcs + VAT 18-20&#8243; 3500 Ft pcs + VAT 15-17&#8243; 3000 Ft pcs + VAT Pickup truck 3.5 tons 3500 Ft pcs + VAT popular Complete wheel change 1500 Ft pcs [&hellip;]<\/p>\n","protected":false},"author":5,"featured_media":0,"parent":0,"menu_order":0,"comment_status":"closed","ping_status":"closed","template":"","meta":{"_acf_changed":false,"inline_featured_image":false,"footnotes":""},"class_list":["post-1044","page","type-page","status-publish","hentry"],"acf":[],"yoast_head":"<!-- This site is optimized with the Yoast SEO plugin v27.3 - https:\/\/yoast.com\/product\/yoast-seo-wordpress\/ -->\n<title>Gumming - Re-Vi Trans EN<\/title>\n<meta name=\"robots\" content=\"index, follow, max-snippet:-1, max-image-preview:large, max-video-preview:-1\" \/>\n<link rel=\"canonical\" href=\"https:\/\/revitrans.hu\/en\/gumming\/\" \/>\n<meta property=\"og:locale\" content=\"en_US\" \/>\n<meta property=\"og:type\" content=\"article\" \/>\n<meta property=\"og:title\" content=\"Gumming - Re-Vi Trans EN\" \/>\n<meta property=\"og:description\" content=\"Tire and wheel replacement Seasonal retreading (winter-summer) and centering services are available at our location. Get a Quote Passenger car popular 13-14&#8243; 2500 Ft pcs + VAT 18-20&#8243; 3500 Ft pcs + VAT 15-17&#8243; 3000 Ft pcs + VAT Pickup truck 3.5 tons 3500 Ft pcs + VAT popular Complete wheel change 1500 Ft pcs [&hellip;]\" \/>\n<meta property=\"og:url\" content=\"https:\/\/revitrans.hu\/en\/gumming\/\" \/>\n<meta property=\"og:site_name\" content=\"Re-Vi Trans EN\" \/>\n<meta property=\"article:modified_time\" content=\"2024-10-24T17:32:04+00:00\" \/>\n<meta name=\"twitter:card\" content=\"summary_large_image\" \/>\n<meta name=\"twitter:label1\" content=\"Est. reading time\" \/>\n\t<meta name=\"twitter:data1\" content=\"1 minute\" \/>\n<script type=\"application\/ld+json\" class=\"yoast-schema-graph\">{\"@context\":\"https:\\\/\\\/schema.org\",\"@graph\":[{\"@type\":\"WebPage\",\"@id\":\"https:\\\/\\\/revitrans.hu\\\/en\\\/gumming\\\/\",\"url\":\"https:\\\/\\\/revitrans.hu\\\/en\\\/gumming\\\/\",\"name\":\"Gumming - Re-Vi Trans EN\",\"isPartOf\":{\"@id\":\"https:\\\/\\\/revitrans.hu\\\/en\\\/#website\"},\"datePublished\":\"2024-09-25T12:49:37+00:00\",\"dateModified\":\"2024-10-24T17:32:04+00:00\",\"breadcrumb\":{\"@id\":\"https:\\\/\\\/revitrans.hu\\\/en\\\/gumming\\\/#breadcrumb\"},\"inLanguage\":\"en-US\",\"potentialAction\":[{\"@type\":\"ReadAction\",\"target\":[\"https:\\\/\\\/revitrans.hu\\\/en\\\/gumming\\\/\"]}]},{\"@type\":\"BreadcrumbList\",\"@id\":\"https:\\\/\\\/revitrans.hu\\\/en\\\/gumming\\\/#breadcrumb\",\"itemListElement\":[{\"@type\":\"ListItem\",\"position\":1,\"name\":\"Home\",\"item\":\"https:\\\/\\\/revitrans.hu\\\/en\\\/\"},{\"@type\":\"ListItem\",\"position\":2,\"name\":\"Gumming\"}]},{\"@type\":\"WebSite\",\"@id\":\"https:\\\/\\\/revitrans.hu\\\/en\\\/#website\",\"url\":\"https:\\\/\\\/revitrans.hu\\\/en\\\/\",\"name\":\"Re-Vi Trans EN\",\"description\":\"Vill\u00e1mgyors sz\u00e1ll\u00edt\u00e1si garancia, avagy a fuvarfeladatok szakszer\u0171 \u00e9s pontos megold\u00e1sa\",\"potentialAction\":[{\"@type\":\"SearchAction\",\"target\":{\"@type\":\"EntryPoint\",\"urlTemplate\":\"https:\\\/\\\/revitrans.hu\\\/en\\\/?s={search_term_string}\"},\"query-input\":{\"@type\":\"PropertyValueSpecification\",\"valueRequired\":true,\"valueName\":\"search_term_string\"}}],\"inLanguage\":\"en-US\"}]}<\/script>\n<!-- \/ Yoast SEO plugin. -->","yoast_head_json":{"title":"Gumming - Re-Vi Trans EN","robots":{"index":"index","follow":"follow","max-snippet":"max-snippet:-1","max-image-preview":"max-image-preview:large","max-video-preview":"max-video-preview:-1"},"canonical":"https:\/\/revitrans.hu\/en\/gumming\/","og_locale":"en_US","og_type":"article","og_title":"Gumming - Re-Vi Trans EN","og_description":"Tire and wheel replacement Seasonal retreading (winter-summer) and centering services are available at our location. Get a Quote Passenger car popular 13-14&#8243; 2500 Ft pcs + VAT 18-20&#8243; 3500 Ft pcs + VAT 15-17&#8243; 3000 Ft pcs + VAT Pickup truck 3.5 tons 3500 Ft pcs + VAT popular Complete wheel change 1500 Ft pcs [&hellip;]","og_url":"https:\/\/revitrans.hu\/en\/gumming\/","og_site_name":"Re-Vi Trans EN","article_modified_time":"2024-10-24T17:32:04+00:00","twitter_card":"summary_large_image","twitter_misc":{"Est. reading time":"1 minute"},"schema":{"@context":"https:\/\/schema.org","@graph":[{"@type":"WebPage","@id":"https:\/\/revitrans.hu\/en\/gumming\/","url":"https:\/\/revitrans.hu\/en\/gumming\/","name":"Gumming - Re-Vi Trans EN","isPartOf":{"@id":"https:\/\/revitrans.hu\/en\/#website"},"datePublished":"2024-09-25T12:49:37+00:00","dateModified":"2024-10-24T17:32:04+00:00","breadcrumb":{"@id":"https:\/\/revitrans.hu\/en\/gumming\/#breadcrumb"},"inLanguage":"en-US","potentialAction":[{"@type":"ReadAction","target":["https:\/\/revitrans.hu\/en\/gumming\/"]}]},{"@type":"BreadcrumbList","@id":"https:\/\/revitrans.hu\/en\/gumming\/#breadcrumb","itemListElement":[{"@type":"ListItem","position":1,"name":"Home","item":"https:\/\/revitrans.hu\/en\/"},{"@type":"ListItem","position":2,"name":"Gumming"}]},{"@type":"WebSite","@id":"https:\/\/revitrans.hu\/en\/#website","url":"https:\/\/revitrans.hu\/en\/","name":"Re-Vi Trans EN","description":"Vill\u00e1mgyors sz\u00e1ll\u00edt\u00e1si garancia, avagy a fuvarfeladatok szakszer\u0171 \u00e9s pontos megold\u00e1sa","potentialAction":[{"@type":"SearchAction","target":{"@type":"EntryPoint","urlTemplate":"https:\/\/revitrans.hu\/en\/?s={search_term_string}"},"query-input":{"@type":"PropertyValueSpecification","valueRequired":true,"valueName":"search_term_string"}}],"inLanguage":"en-US"}]}},"_links":{"self":[{"href":"https:\/\/revitrans.hu\/en\/wp-json\/wp\/v2\/pages\/1044","targetHints":{"allow":["GET"]}}],"collection":[{"href":"https:\/\/revitrans.hu\/en\/wp-json\/wp\/v2\/pages"}],"about":[{"href":"https:\/\/revitrans.hu\/en\/wp-json\/wp\/v2\/types\/page"}],"author":[{"embeddable":true,"href":"https:\/\/revitrans.hu\/en\/wp-json\/wp\/v2\/users\/5"}],"replies":[{"embeddable":true,"href":"https:\/\/revitrans.hu\/en\/wp-json\/wp\/v2\/comments?post=1044"}],"version-history":[{"count":20,"href":"https:\/\/revitrans.hu\/en\/wp-json\/wp\/v2\/pages\/1044\/revisions"}],"predecessor-version":[{"id":1357,"href":"https:\/\/revitrans.hu\/en\/wp-json\/wp\/v2\/pages\/1044\/revisions\/1357"}],"wp:attachment":[{"href":"https:\/\/revitrans.hu\/en\/wp-json\/wp\/v2\/media?parent=1044"}],"curies":[{"name":"wp","href":"https:\/\/api.w.org\/{rel}","templated":true}]}}