{"id":1275,"date":"2024-10-02T14:28:19","date_gmt":"2024-10-02T12:28:19","guid":{"rendered":"https:\/\/uj.revitrans.hu\/en\/?page_id=1275"},"modified":"2024-10-24T19:54:54","modified_gmt":"2024-10-24T17:54:54","slug":"express-delivery-throughout-europe","status":"publish","type":"page","link":"https:\/\/revitrans.hu\/en\/express-delivery-throughout-europe\/","title":{"rendered":"Express Delivery Throughout Europe"},"content":{"rendered":"\t\t<div data-elementor-type=\"wp-page\" data-elementor-id=\"1275\" class=\"elementor elementor-1275\">\n\t\t\t\t\t\t<div class=\"elementor-section elementor-top-section elementor-element elementor-element-5c51a6e pbmit-col-stretched-both elementor-section-stretched pbmit-cursor-color-blackish-color pbmit-bg-color-over-image elementor-section-boxed elementor-section-height-default elementor-section-height-default\" data-id=\"5c51a6e\" data-element_type=\"section\" data-e-type=\"section\" data-settings=\"{&quot;stretch_section&quot;:&quot;section-stretched&quot;}\">\n\t\t\t\t\t\t\t<div class=\"elementor-background-overlay\"><\/div>\n\t\t\t\t\t\t\t<div class=\"elementor-container elementor-column-gap-no\">\n\t\t\t\t\t<div class=\"elementor-column elementor-col-50 elementor-top-column elementor-element elementor-element-5561cba pbmit-bg-color-over-image\" data-id=\"5561cba\" data-element_type=\"column\" data-e-type=\"column\" data-settings=\"{&quot;background_background&quot;:&quot;classic&quot;}\">\n\t\t\t<div class=\"elementor-widget-wrap elementor-element-populated\">\n\t\t\t\t\t\t<div class=\"elementor-element elementor-element-f5b23df elementor-widget elementor-widget-spacer\" data-id=\"f5b23df\" data-element_type=\"widget\" data-e-type=\"widget\" data-widget_type=\"spacer.default\">\n\t\t\t\t<div class=\"elementor-widget-container\">\n\t\t\t\t\t\t\t<div class=\"elementor-spacer\">\n\t\t\t<div class=\"elementor-spacer-inner\"><\/div>\n\t\t<\/div>\n\t\t\t\t\t\t<\/div>\n\t\t\t\t<\/div>\n\t\t\t\t\t<\/div>\n\t\t<\/div>\n\t\t\t\t<div class=\"elementor-column elementor-col-50 elementor-top-column elementor-element elementor-element-9d528fa pbmit-bg-color-yes pbmit-elementor-bg-color-globalcolor pbmit-bg-color-over-image\" data-id=\"9d528fa\" data-element_type=\"column\" data-e-type=\"column\">\n\t\t\t<div class=\"elementor-widget-wrap elementor-element-populated\">\n\t\t\t\t\t\t<div class=\"elementor-element elementor-element-1d01fa2 elementor-widget elementor-widget-pbmit_heading\" data-id=\"1d01fa2\" data-element_type=\"widget\" data-e-type=\"widget\" data-widget_type=\"pbmit_heading.default\">\n\t\t\t\t<div class=\"elementor-widget-container\">\n\t\t\t\t\t\t<div class=\"pbmit-heading-subheading pbmit-heading-subheading-style-1 pbmit-reverse-heading-yes\"><h2 class=\"pbmit-element-title\">\r\n\t\t\t\r\n\t\t\t\tShipments delivered on time and without problems\r\n\t\t\t\r\n\t\t\t<\/h2>\r\n\t\t<div class=\"pbmit-heading-desc\">Our company provides an express service, which is ideal for the fast and reliable delivery of time-sensitive goods to their destination. We are at your disposal with our vehicles with a capacity of 3.5 tons, customs-sealable cars, so that the transport task is completed as quickly as possible, even within 24 hours.<\/div><\/div>\t\t\t\t<\/div>\n\t\t\t\t<\/div>\n\t\t\t\t\t<\/div>\n\t\t<\/div>\n\t\t\t\t\t<\/div>\n\t\t<\/div>\n\t\t\t\t<div class=\"elementor-section elementor-top-section elementor-element elementor-element-f90857e pbmit-col-stretched-both elementor-section-stretched pbmit-bg-color-yes pbmit-elementor-bg-color-light elementor-section-full_width pbmit-cursor-color-blackish-color pbmit-bg-color-over-image elementor-section-height-default elementor-section-height-default\" data-id=\"f90857e\" data-element_type=\"section\" data-e-type=\"section\" data-settings=\"{&quot;stretch_section&quot;:&quot;section-stretched&quot;}\">\n\t\t\t\t\t\t<div class=\"elementor-container elementor-column-gap-no\">\n\t\t\t\t\t<div class=\"elementor-column elementor-col-100 elementor-top-column elementor-element elementor-element-eba2a39 pbmit-bg-color-yes pbmit-elementor-bg-color-light pbmit-bg-image-over-color\" data-id=\"eba2a39\" data-element_type=\"column\" data-e-type=\"column\" data-settings=\"{&quot;background_background&quot;:&quot;classic&quot;}\">\n\t\t\t<div class=\"elementor-widget-wrap elementor-element-populated\">\n\t\t\t\t\t\t<div class=\"elementor-section elementor-inner-section elementor-element elementor-element-bb26815 pbmit-col-stretched-none pbmit-cursor-color-blackish-color pbmit-bg-color-over-image elementor-section-boxed elementor-section-height-default elementor-section-height-default\" data-id=\"bb26815\" data-element_type=\"section\" data-e-type=\"section\">\n\t\t\t\t\t\t<div class=\"elementor-container elementor-column-gap-no\">\n\t\t\t\t\t<div class=\"elementor-column elementor-col-50 elementor-inner-column elementor-element elementor-element-5fb86c1 pbmit-bg-color-over-image\" data-id=\"5fb86c1\" data-element_type=\"column\" data-e-type=\"column\">\n\t\t\t<div class=\"elementor-widget-wrap elementor-element-populated\">\n\t\t\t\t\t\t<div class=\"elementor-element elementor-element-7188fe8 elementor-widget elementor-widget-pbmit_heading\" data-id=\"7188fe8\" data-element_type=\"widget\" data-e-type=\"widget\" data-widget_type=\"pbmit_heading.default\">\n\t\t\t\t<div class=\"elementor-widget-container\">\n\t\t\t\t\t\t<div class=\"pbmit-heading-subheading pbmit-heading-subheading-style-1 pbmit-reverse-heading-yes\"><h2 class=\"pbmit-element-title\">\r\n\t\t\t\r\n\t\t\t\tOur Vehicles\r\n\t\t\t\r\n\t\t\t<\/h2>\r\n\t\t<\/div>\t\t\t\t<\/div>\n\t\t\t\t<\/div>\n\t\t\t\t<div class=\"elementor-element elementor-element-9d536a8 elementor-widget elementor-widget-pbmit_icon_heading\" data-id=\"9d536a8\" data-element_type=\"widget\" data-e-type=\"widget\" data-widget_type=\"pbmit_icon_heading.default\">\n\t\t\t\t<div class=\"elementor-widget-container\">\n\t\t\t\t\t<div class=\"pbmit-ihbox pbmit-ihbox-style-9\"><div class=\"pbmit-ihbox-headingicon d-flex\">\r\n\t<div class=\"pbmit-ihbox-icon\"><div class=\"pbmit-ihbox-icon-wrapper pbmit-ihbox-icon-type-icon\"><i class=\"fas fa-truck\"><\/i><\/div><\/div>\t<div class=\"pbmit-ihbox-contents\">\r\n\t\t<h3 class=\"pbmit-element-title\">6-pallet box vans with sleeping cabins<\/h3>\t\t<div class=\"pbmit-heading-desc\">Up to 1 ton payload<\/div>\t<\/div><!-- .pbmit-ihbox-contents -->\r\n<\/div><\/div>\t\t\t\t<\/div>\n\t\t\t\t<\/div>\n\t\t\t\t<div class=\"elementor-element elementor-element-96c7ad1 elementor-widget elementor-widget-pbmit_icon_heading\" data-id=\"96c7ad1\" data-element_type=\"widget\" data-e-type=\"widget\" data-widget_type=\"pbmit_icon_heading.default\">\n\t\t\t\t<div class=\"elementor-widget-container\">\n\t\t\t\t\t<div class=\"pbmit-ihbox pbmit-ihbox-style-9\"><div class=\"pbmit-ihbox-headingicon d-flex\">\r\n\t<div class=\"pbmit-ihbox-icon\"><div class=\"pbmit-ihbox-icon-wrapper pbmit-ihbox-icon-type-icon\"><i class=\"fas fa-truck-moving\"><\/i><\/div><\/div>\t<div class=\"pbmit-ihbox-contents\">\r\n\t\t<h3 class=\"pbmit-element-title\">8-pallet vans with sleeping cabins<\/h3>\t\t<div class=\"pbmit-heading-desc\">Up to 1 ton payload<\/div>\t<\/div><!-- .pbmit-ihbox-contents -->\r\n<\/div><\/div>\t\t\t\t<\/div>\n\t\t\t\t<\/div>\n\t\t\t\t<div class=\"elementor-element elementor-element-69c50d1 pbmit-animation-none elementor-widget elementor-widget-image\" data-id=\"69c50d1\" data-element_type=\"widget\" data-e-type=\"widget\" data-widget_type=\"image.default\">\n\t\t\t\t<div class=\"elementor-widget-container\">\n\t\t\t\t\t\t\t\t\t\t\t\t\t\t\t<img fetchpriority=\"high\" decoding=\"async\" width=\"533\" height=\"426\" src=\"https:\/\/revitrans.hu\/en\/wp-content\/uploads\/sites\/6\/2023\/09\/testimonial-left-img-1.png\" class=\"attachment-large size-large wp-image-16\" alt=\"\" srcset=\"https:\/\/revitrans.hu\/en\/wp-content\/uploads\/sites\/6\/2023\/09\/testimonial-left-img-1.png 533w, https:\/\/revitrans.hu\/en\/wp-content\/uploads\/sites\/6\/2023\/09\/testimonial-left-img-1-300x240.png 300w\" sizes=\"(max-width: 533px) 100vw, 533px\" \/>\t\t\t\t\t\t\t\t\t\t\t\t\t\t\t<\/div>\n\t\t\t\t<\/div>\n\t\t\t\t\t<\/div>\n\t\t<\/div>\n\t\t\t\t<div class=\"elementor-column elementor-col-50 elementor-inner-column elementor-element elementor-element-af17e73 pbmit-bg-color-over-image\" data-id=\"af17e73\" data-element_type=\"column\" data-e-type=\"column\">\n\t\t\t<div class=\"elementor-widget-wrap elementor-element-populated\">\n\t\t\t\t\t\t<div class=\"elementor-element elementor-element-b134adb elementor-widget elementor-widget-pbmit_heading\" data-id=\"b134adb\" data-element_type=\"widget\" data-e-type=\"widget\" data-widget_type=\"pbmit_heading.default\">\n\t\t\t\t<div class=\"elementor-widget-container\">\n\t\t\t\t\t\t<div class=\"pbmit-heading-subheading pbmit-heading-subheading-style-1 pbmit-reverse-heading-yes\"><h2 class=\"pbmit-element-title\">\r\n\t\t\t\r\n\t\t\t\tAdvantages of Our Services\r\n\t\t\t\r\n\t\t\t<\/h2>\r\n\t\t<\/div>\t\t\t\t<\/div>\n\t\t\t\t<\/div>\n\t\t\t\t<div class=\"elementor-element elementor-element-7bcbe2e elementor-widget elementor-widget-pbmit_icon_heading\" data-id=\"7bcbe2e\" data-element_type=\"widget\" data-e-type=\"widget\" data-widget_type=\"pbmit_icon_heading.default\">\n\t\t\t\t<div class=\"elementor-widget-container\">\n\t\t\t\t\t<div class=\"pbmit-ihbox pbmit-ihbox-style-9\"><div class=\"pbmit-ihbox-headingicon d-flex\">\r\n\t<div class=\"pbmit-ihbox-icon\"><div class=\"pbmit-ihbox-icon-wrapper pbmit-ihbox-icon-type-icon\"><i class=\"mdi mdi-timer\"><\/i><\/div><\/div>\t<div class=\"pbmit-ihbox-contents\">\r\n\t\t<h3 class=\"pbmit-element-title\">Fast transit time<\/h3>\t\t<div class=\"pbmit-heading-desc\">We work with short delivery times to any European country.<\/div>\t<\/div><!-- .pbmit-ihbox-contents -->\r\n<\/div><\/div>\t\t\t\t<\/div>\n\t\t\t\t<\/div>\n\t\t\t\t<div class=\"elementor-element elementor-element-4944695 elementor-widget elementor-widget-pbmit_icon_heading\" data-id=\"4944695\" data-element_type=\"widget\" data-e-type=\"widget\" data-widget_type=\"pbmit_icon_heading.default\">\n\t\t\t\t<div class=\"elementor-widget-container\">\n\t\t\t\t\t<div class=\"pbmit-ihbox pbmit-ihbox-style-9\"><div class=\"pbmit-ihbox-headingicon d-flex\">\r\n\t<div class=\"pbmit-ihbox-icon\"><div class=\"pbmit-ihbox-icon-wrapper pbmit-ihbox-icon-type-icon\"><i class=\"far fa-money-bill-alt\"><\/i><\/div><\/div>\t<div class=\"pbmit-ihbox-contents\">\r\n\t\t<h3 class=\"pbmit-element-title\">Fees that can be calculated in advance<\/h3>\t\t<div class=\"pbmit-heading-desc\">Transparent pricing so you know the costs in advance<\/div>\t<\/div><!-- .pbmit-ihbox-contents -->\r\n<\/div><\/div>\t\t\t\t<\/div>\n\t\t\t\t<\/div>\n\t\t\t\t<div class=\"elementor-element elementor-element-d7e225c elementor-widget elementor-widget-pbmit_icon_heading\" data-id=\"d7e225c\" data-element_type=\"widget\" data-e-type=\"widget\" data-widget_type=\"pbmit_icon_heading.default\">\n\t\t\t\t<div class=\"elementor-widget-container\">\n\t\t\t\t\t<div class=\"pbmit-ihbox pbmit-ihbox-style-9\"><div class=\"pbmit-ihbox-headingicon d-flex\">\r\n\t<div class=\"pbmit-ihbox-icon\"><div class=\"pbmit-ihbox-icon-wrapper pbmit-ihbox-icon-type-icon\"><i class=\"mdi mdi-gps-fixed\"><\/i><\/div><\/div>\t<div class=\"pbmit-ihbox-contents\">\r\n\t\t<h3 class=\"pbmit-element-title\">0-24 online tracking<\/h3>\t\t<div class=\"pbmit-heading-desc\">\nOur vehicles can be continuously tracked via our GPS systems, so you can check the position of your goods at any time<\/div>\t<\/div><!-- .pbmit-ihbox-contents -->\r\n<\/div><\/div>\t\t\t\t<\/div>\n\t\t\t\t<\/div>\n\t\t\t\t\t<\/div>\n\t\t<\/div>\n\t\t\t\t\t<\/div>\n\t\t<\/div>\n\t\t\t\t\t<\/div>\n\t\t<\/div>\n\t\t\t\t\t<\/div>\n\t\t<\/div>\n\t\t\t\t<section class=\"elementor-section elementor-top-section elementor-element elementor-element-058c998 pbmit-col-stretched-none pbmit-cursor-color-blackish-color pbmit-bg-color-over-image elementor-section-boxed elementor-section-height-default elementor-section-height-default\" data-id=\"058c998\" data-element_type=\"section\" data-e-type=\"section\">\n\t\t\t\t\t\t<div class=\"elementor-container elementor-column-gap-default\">\n\t\t\t\t\t<div class=\"elementor-column elementor-col-100 elementor-top-column elementor-element elementor-element-a9aa68e pbmit-bg-color-over-image\" data-id=\"a9aa68e\" data-element_type=\"column\" data-e-type=\"column\">\n\t\t\t<div class=\"elementor-widget-wrap elementor-element-populated\">\n\t\t\t\t\t\t<div class=\"elementor-element elementor-element-e95573a pbmit-align-center elementor-widget elementor-widget-pbmit_custom_heading\" data-id=\"e95573a\" data-element_type=\"widget\" data-e-type=\"widget\" data-widget_type=\"pbmit_custom_heading.default\">\n\t\t\t\t<div class=\"elementor-widget-container\">\n\t\t\t\t\t\t<div class=\"pbmit-custom-heading center-align animation-style\"><h6 class=\"pbmit-element-title\">\r\n\t\t\t\r\n\t\t\t\tIn the case of a transport task, we are immediately available, our vehicles quickly leave for the specified loading location. We pay special attention to the safety of the goods and ensure that the cargo reaches its destination in the shortest possible time.\r\n\t\t\t\r\n\t\t\t<\/h6>\r\n\t\t<\/div>\t\t\t\t<\/div>\n\t\t\t\t<\/div>\n\t\t\t\t\t<\/div>\n\t\t<\/div>\n\t\t\t\t\t<\/div>\n\t\t<\/section>\n\t\t\t\t<\/div>\n\t\t","protected":false},"excerpt":{"rendered":"<p>Shipments delivered on time and without problems Our company provides an express service, which is ideal for the fast and reliable delivery of time-sensitive goods to their destination. We are at your disposal with our vehicles with a capacity of 3.5 tons, customs-sealable cars, so that the transport task is completed as quickly as possible, [&hellip;]<\/p>\n","protected":false},"author":5,"featured_media":0,"parent":0,"menu_order":0,"comment_status":"closed","ping_status":"closed","template":"","meta":{"_acf_changed":false,"inline_featured_image":false,"footnotes":""},"class_list":["post-1275","page","type-page","status-publish","hentry"],"acf":[],"yoast_head":"<!-- This site is optimized with the Yoast SEO plugin v27.3 - https:\/\/yoast.com\/product\/yoast-seo-wordpress\/ -->\n<title>Express Delivery Throughout Europe - Re-Vi Trans EN<\/title>\n<meta name=\"robots\" content=\"index, follow, max-snippet:-1, max-image-preview:large, max-video-preview:-1\" \/>\n<link rel=\"canonical\" href=\"https:\/\/revitrans.hu\/en\/express-delivery-throughout-europe\/\" \/>\n<meta property=\"og:locale\" content=\"en_US\" \/>\n<meta property=\"og:type\" content=\"article\" \/>\n<meta property=\"og:title\" content=\"Express Delivery Throughout Europe - Re-Vi Trans EN\" \/>\n<meta property=\"og:description\" content=\"Shipments delivered on time and without problems Our company provides an express service, which is ideal for the fast and reliable delivery of time-sensitive goods to their destination. We are at your disposal with our vehicles with a capacity of 3.5 tons, customs-sealable cars, so that the transport task is completed as quickly as possible, [&hellip;]\" \/>\n<meta property=\"og:url\" content=\"https:\/\/revitrans.hu\/en\/express-delivery-throughout-europe\/\" \/>\n<meta property=\"og:site_name\" content=\"Re-Vi Trans EN\" \/>\n<meta property=\"article:modified_time\" content=\"2024-10-24T17:54:54+00:00\" \/>\n<meta property=\"og:image\" content=\"http:\/\/uj.revitrans.hu\/en\/wp-content\/uploads\/sites\/6\/2023\/09\/testimonial-left-img-1.png\" \/>\n<meta name=\"twitter:card\" content=\"summary_large_image\" \/>\n<meta name=\"twitter:label1\" content=\"Est. reading time\" \/>\n\t<meta name=\"twitter:data1\" content=\"2 minutes\" \/>\n<script type=\"application\/ld+json\" class=\"yoast-schema-graph\">{\"@context\":\"https:\\\/\\\/schema.org\",\"@graph\":[{\"@type\":\"WebPage\",\"@id\":\"https:\\\/\\\/revitrans.hu\\\/en\\\/express-delivery-throughout-europe\\\/\",\"url\":\"https:\\\/\\\/revitrans.hu\\\/en\\\/express-delivery-throughout-europe\\\/\",\"name\":\"Express Delivery Throughout Europe - Re-Vi Trans EN\",\"isPartOf\":{\"@id\":\"https:\\\/\\\/revitrans.hu\\\/en\\\/#website\"},\"primaryImageOfPage\":{\"@id\":\"https:\\\/\\\/revitrans.hu\\\/en\\\/express-delivery-throughout-europe\\\/#primaryimage\"},\"image\":{\"@id\":\"https:\\\/\\\/revitrans.hu\\\/en\\\/express-delivery-throughout-europe\\\/#primaryimage\"},\"thumbnailUrl\":\"http:\\\/\\\/uj.revitrans.hu\\\/en\\\/wp-content\\\/uploads\\\/sites\\\/6\\\/2023\\\/09\\\/testimonial-left-img-1.png\",\"datePublished\":\"2024-10-02T12:28:19+00:00\",\"dateModified\":\"2024-10-24T17:54:54+00:00\",\"breadcrumb\":{\"@id\":\"https:\\\/\\\/revitrans.hu\\\/en\\\/express-delivery-throughout-europe\\\/#breadcrumb\"},\"inLanguage\":\"en-US\",\"potentialAction\":[{\"@type\":\"ReadAction\",\"target\":[\"https:\\\/\\\/revitrans.hu\\\/en\\\/express-delivery-throughout-europe\\\/\"]}]},{\"@type\":\"ImageObject\",\"inLanguage\":\"en-US\",\"@id\":\"https:\\\/\\\/revitrans.hu\\\/en\\\/express-delivery-throughout-europe\\\/#primaryimage\",\"url\":\"http:\\\/\\\/uj.revitrans.hu\\\/en\\\/wp-content\\\/uploads\\\/sites\\\/6\\\/2023\\\/09\\\/testimonial-left-img-1.png\",\"contentUrl\":\"http:\\\/\\\/uj.revitrans.hu\\\/en\\\/wp-content\\\/uploads\\\/sites\\\/6\\\/2023\\\/09\\\/testimonial-left-img-1.png\"},{\"@type\":\"BreadcrumbList\",\"@id\":\"https:\\\/\\\/revitrans.hu\\\/en\\\/express-delivery-throughout-europe\\\/#breadcrumb\",\"itemListElement\":[{\"@type\":\"ListItem\",\"position\":1,\"name\":\"Home\",\"item\":\"https:\\\/\\\/revitrans.hu\\\/en\\\/\"},{\"@type\":\"ListItem\",\"position\":2,\"name\":\"Express Delivery Throughout Europe\"}]},{\"@type\":\"WebSite\",\"@id\":\"https:\\\/\\\/revitrans.hu\\\/en\\\/#website\",\"url\":\"https:\\\/\\\/revitrans.hu\\\/en\\\/\",\"name\":\"Re-Vi Trans EN\",\"description\":\"Vill\u00e1mgyors sz\u00e1ll\u00edt\u00e1si garancia, avagy a fuvarfeladatok szakszer\u0171 \u00e9s pontos megold\u00e1sa\",\"potentialAction\":[{\"@type\":\"SearchAction\",\"target\":{\"@type\":\"EntryPoint\",\"urlTemplate\":\"https:\\\/\\\/revitrans.hu\\\/en\\\/?s={search_term_string}\"},\"query-input\":{\"@type\":\"PropertyValueSpecification\",\"valueRequired\":true,\"valueName\":\"search_term_string\"}}],\"inLanguage\":\"en-US\"}]}<\/script>\n<!-- \/ Yoast SEO plugin. -->","yoast_head_json":{"title":"Express Delivery Throughout Europe - Re-Vi Trans EN","robots":{"index":"index","follow":"follow","max-snippet":"max-snippet:-1","max-image-preview":"max-image-preview:large","max-video-preview":"max-video-preview:-1"},"canonical":"https:\/\/revitrans.hu\/en\/express-delivery-throughout-europe\/","og_locale":"en_US","og_type":"article","og_title":"Express Delivery Throughout Europe - Re-Vi Trans EN","og_description":"Shipments delivered on time and without problems Our company provides an express service, which is ideal for the fast and reliable delivery of time-sensitive goods to their destination. We are at your disposal with our vehicles with a capacity of 3.5 tons, customs-sealable cars, so that the transport task is completed as quickly as possible, [&hellip;]","og_url":"https:\/\/revitrans.hu\/en\/express-delivery-throughout-europe\/","og_site_name":"Re-Vi Trans EN","article_modified_time":"2024-10-24T17:54:54+00:00","og_image":[{"url":"http:\/\/uj.revitrans.hu\/en\/wp-content\/uploads\/sites\/6\/2023\/09\/testimonial-left-img-1.png","type":"","width":"","height":""}],"twitter_card":"summary_large_image","twitter_misc":{"Est. reading time":"2 minutes"},"schema":{"@context":"https:\/\/schema.org","@graph":[{"@type":"WebPage","@id":"https:\/\/revitrans.hu\/en\/express-delivery-throughout-europe\/","url":"https:\/\/revitrans.hu\/en\/express-delivery-throughout-europe\/","name":"Express Delivery Throughout Europe - Re-Vi Trans EN","isPartOf":{"@id":"https:\/\/revitrans.hu\/en\/#website"},"primaryImageOfPage":{"@id":"https:\/\/revitrans.hu\/en\/express-delivery-throughout-europe\/#primaryimage"},"image":{"@id":"https:\/\/revitrans.hu\/en\/express-delivery-throughout-europe\/#primaryimage"},"thumbnailUrl":"http:\/\/uj.revitrans.hu\/en\/wp-content\/uploads\/sites\/6\/2023\/09\/testimonial-left-img-1.png","datePublished":"2024-10-02T12:28:19+00:00","dateModified":"2024-10-24T17:54:54+00:00","breadcrumb":{"@id":"https:\/\/revitrans.hu\/en\/express-delivery-throughout-europe\/#breadcrumb"},"inLanguage":"en-US","potentialAction":[{"@type":"ReadAction","target":["https:\/\/revitrans.hu\/en\/express-delivery-throughout-europe\/"]}]},{"@type":"ImageObject","inLanguage":"en-US","@id":"https:\/\/revitrans.hu\/en\/express-delivery-throughout-europe\/#primaryimage","url":"http:\/\/uj.revitrans.hu\/en\/wp-content\/uploads\/sites\/6\/2023\/09\/testimonial-left-img-1.png","contentUrl":"http:\/\/uj.revitrans.hu\/en\/wp-content\/uploads\/sites\/6\/2023\/09\/testimonial-left-img-1.png"},{"@type":"BreadcrumbList","@id":"https:\/\/revitrans.hu\/en\/express-delivery-throughout-europe\/#breadcrumb","itemListElement":[{"@type":"ListItem","position":1,"name":"Home","item":"https:\/\/revitrans.hu\/en\/"},{"@type":"ListItem","position":2,"name":"Express Delivery Throughout Europe"}]},{"@type":"WebSite","@id":"https:\/\/revitrans.hu\/en\/#website","url":"https:\/\/revitrans.hu\/en\/","name":"Re-Vi Trans EN","description":"Vill\u00e1mgyors sz\u00e1ll\u00edt\u00e1si garancia, avagy a fuvarfeladatok szakszer\u0171 \u00e9s pontos megold\u00e1sa","potentialAction":[{"@type":"SearchAction","target":{"@type":"EntryPoint","urlTemplate":"https:\/\/revitrans.hu\/en\/?s={search_term_string}"},"query-input":{"@type":"PropertyValueSpecification","valueRequired":true,"valueName":"search_term_string"}}],"inLanguage":"en-US"}]}},"_links":{"self":[{"href":"https:\/\/revitrans.hu\/en\/wp-json\/wp\/v2\/pages\/1275","targetHints":{"allow":["GET"]}}],"collection":[{"href":"https:\/\/revitrans.hu\/en\/wp-json\/wp\/v2\/pages"}],"about":[{"href":"https:\/\/revitrans.hu\/en\/wp-json\/wp\/v2\/types\/page"}],"author":[{"embeddable":true,"href":"https:\/\/revitrans.hu\/en\/wp-json\/wp\/v2\/users\/5"}],"replies":[{"embeddable":true,"href":"https:\/\/revitrans.hu\/en\/wp-json\/wp\/v2\/comments?post=1275"}],"version-history":[{"count":20,"href":"https:\/\/revitrans.hu\/en\/wp-json\/wp\/v2\/pages\/1275\/revisions"}],"predecessor-version":[{"id":1370,"href":"https:\/\/revitrans.hu\/en\/wp-json\/wp\/v2\/pages\/1275\/revisions\/1370"}],"wp:attachment":[{"href":"https:\/\/revitrans.hu\/en\/wp-json\/wp\/v2\/media?parent=1275"}],"curies":[{"name":"wp","href":"https:\/\/api.w.org\/{rel}","templated":true}]}}