{"id":687,"date":"2024-09-17T09:50:19","date_gmt":"2024-09-17T07:50:19","guid":{"rendered":"https:\/\/uj.revitrans.hu\/en\/?page_id=687"},"modified":"2024-10-24T19:00:22","modified_gmt":"2024-10-24T17:00:22","slug":"co-workers","status":"publish","type":"page","link":"https:\/\/revitrans.hu\/en\/co-workers\/","title":{"rendered":"Co-workers"},"content":{"rendered":"\t\t<div data-elementor-type=\"wp-page\" data-elementor-id=\"687\" class=\"elementor elementor-687\">\n\t\t\t\t\t\t<div class=\"elementor-section elementor-top-section elementor-element elementor-element-3f3ebb36 elementor-section-stretched pbmit-col-stretched-none pbmit-cursor-color-blackish-color pbmit-bg-color-over-image elementor-section-boxed elementor-section-height-default elementor-section-height-default\" data-id=\"3f3ebb36\" data-element_type=\"section\" data-e-type=\"section\" data-settings=\"{&quot;stretch_section&quot;:&quot;section-stretched&quot;}\">\n\t\t\t\t\t\t<div class=\"elementor-container elementor-column-gap-no\">\n\t\t\t\t\t<div class=\"elementor-column elementor-col-100 elementor-top-column elementor-element elementor-element-77b9588 pbmit-bg-color-over-image\" data-id=\"77b9588\" data-element_type=\"column\" data-e-type=\"column\">\n\t\t\t<div class=\"elementor-widget-wrap elementor-element-populated\">\n\t\t\t\t\t\t<div class=\"elementor-element elementor-element-5c9ecf2d elementor-widget elementor-widget-pbmit_team_element\" data-id=\"5c9ecf2d\" data-element_type=\"widget\" data-e-type=\"widget\" data-widget_type=\"pbmit_team_element.default\">\n\t\t\t\t<div class=\"elementor-widget-container\">\n\t\t\t\t\t\r\n\t\t<div class=\"pbminfotech-element\r\n\t\t\tpbminfotech-element-team\t\t\tpbmit-element-team-style-1\t\t\tpbmit-element-viewtype-row-column\t\t\tpbmit-element-column-three\t\t\tpbmit-element-sticky-carousel-false\t\t\tpbmit-element-caroursel-dot-false\t\t\tpbmit-infinite-scroll-no\t\t\tpbmit-infinite-scroll-button-no\t\t\tpbminfotech-gap-default\t\t\t\t\t\t\t\t\t\"\r\n\r\n\t\t\tdata-cpt=\"team\"\r\n\t\t\tdata-totalpagination=\"2\"\r\n\t\t\tdata-style=\"1\"\r\n\t\t\tdata-show=\"7\"\r\n\t\t\tdata-columns=\"3\"\r\n\t\t\tdata-loop=\"false\"\r\n\t\t\tdata-autoplay=\"false\"\r\n\t\t\tdata-center=\"false\"\r\n\t\t\tdata-nav=\"false\"\r\n\t\t\tdata-dots=\"false\"\r\n\t\t\tdata-reverse=\"false\"\r\n\t\t\tdata-speed=\"1000\"\r\n\t\t\tdata-delay=\"4000\"\r\n\t\t\tdata-margin=\"default\">\r\n\r\n\t\t\t<div class=\"pbmit-element-inner\">\r\n\r\n\t\t\t\t\t<div class=\"pbmit-ele-header-area\">\r\n\t\t\t\t<div class=\"pbmit-heading-subheading pbmit-heading-subheading-style-1 pbmit-reverse-heading-yes\"><h4 class=\"pbmit-element-subtitle\"><span>\r\n\t\t\t<\/span>\r\n\t\t\t\r\n\t\t\t\tMunkat\u00e1rsaink\r\n\t\t\t\r\n\t\t\t<\/h4>\r\n\t\t<h2 class=\"pbmit-element-title\">\r\n\t\t\t\r\n\t\t\t\tT\u00f6bb, mint 20 \u00e9ve a fuvarszervez\u00e9sben\r\n\t\t\t\r\n\t\t\t<\/h2>\r\n\t\t<\/div>\t\t\t\t\t<\/div>\r\n\t\t\t\r\n\t\t<div class=\"pbmit-infinite-scroll-data\">{\"cpt\":\"team\",\"style\":\"1\",\"columns\":\"3\",\"show\":7,\"order\":\"ASC\",\"orderby\":\"ID\"}<\/div>\r\n\t\t\t<div class=\"pbmit-element-posts-wrapper row multi-columns-row \">\r\n\t\t\t\t<article class=\"pbmit-ele pbmit-ele-team pbmit-team-style-1 col-md-4  pbmit-odd pbmit-col-odd\"><div class=\"pbminfotech-post-item\">\r\n\t<div class=\"pbmit-featured-img-wrapper\"><div class=\"pbmit-featured-wrapper\"><a href=\"https:\/\/revitrans.hu\/en\/team-member\/kelemen-pal\/\"><img fetchpriority=\"high\" decoding=\"async\" width=\"620\" height=\"620\" src=\"https:\/\/revitrans.hu\/en\/wp-content\/uploads\/sites\/6\/2024\/05\/IMG_2729-620x620.jpg\" class=\"attachment-pbmit-img-620x620 size-pbmit-img-620x620 wp-post-image\" alt=\"\" srcset=\"https:\/\/revitrans.hu\/en\/wp-content\/uploads\/sites\/6\/2024\/05\/IMG_2729-620x620.jpg 620w, https:\/\/revitrans.hu\/en\/wp-content\/uploads\/sites\/6\/2024\/05\/IMG_2729-150x150.jpg 150w, https:\/\/revitrans.hu\/en\/wp-content\/uploads\/sites\/6\/2024\/05\/IMG_2729-340x340.jpg 340w, https:\/\/revitrans.hu\/en\/wp-content\/uploads\/sites\/6\/2024\/05\/IMG_2729-740x740.jpg 740w, https:\/\/revitrans.hu\/en\/wp-content\/uploads\/sites\/6\/2024\/05\/IMG_2729-120x120.jpg 120w\" sizes=\"(max-width: 620px) 100vw, 620px\" \/><\/a><\/div><\/div>\t<div class=\"pbminfotech-box-content\">\r\n\t\t<div class=\"pbminfotech-box-social-links\">\r\n\t\t\t\t\t<\/div>\r\n\t\t<div class=\"pbmit-titlebox\">\r\n\t\t\t\t\t<div class=\"pbminfotech-box-team-position\">owner, logistics<\/div>\r\n\t\t\t\t\t<h3 class=\"pbmit-team-title\"><a href=\"https:\/\/revitrans.hu\/en\/team-member\/kelemen-pal\/\">Kelemen P\u00e1l<\/a><\/h3>\r\n\t\t<\/div>\r\n\t<\/div>\r\n<\/div><\/article><article class=\"pbmit-ele pbmit-ele-team pbmit-team-style-1 col-md-4  pbmit-even pbmit-col-odd\"><div class=\"pbminfotech-post-item\">\r\n\t<div class=\"pbmit-featured-img-wrapper\"><div class=\"pbmit-featured-wrapper\"><a href=\"https:\/\/revitrans.hu\/en\/team-member\/kelemenne-dusa-krisztina\/\"><img decoding=\"async\" width=\"620\" height=\"620\" src=\"https:\/\/revitrans.hu\/en\/wp-content\/uploads\/sites\/6\/2024\/05\/IMG_2693-scaled-e1715097081484-620x620.jpg\" class=\"attachment-pbmit-img-620x620 size-pbmit-img-620x620 wp-post-image\" alt=\"\" srcset=\"https:\/\/revitrans.hu\/en\/wp-content\/uploads\/sites\/6\/2024\/05\/IMG_2693-scaled-e1715097081484-620x620.jpg 620w, https:\/\/revitrans.hu\/en\/wp-content\/uploads\/sites\/6\/2024\/05\/IMG_2693-scaled-e1715097081484-150x150.jpg 150w, https:\/\/revitrans.hu\/en\/wp-content\/uploads\/sites\/6\/2024\/05\/IMG_2693-scaled-e1715097081484-340x340.jpg 340w, https:\/\/revitrans.hu\/en\/wp-content\/uploads\/sites\/6\/2024\/05\/IMG_2693-scaled-e1715097081484-740x740.jpg 740w, https:\/\/revitrans.hu\/en\/wp-content\/uploads\/sites\/6\/2024\/05\/IMG_2693-scaled-e1715097081484-120x120.jpg 120w\" sizes=\"(max-width: 620px) 100vw, 620px\" \/><\/a><\/div><\/div>\t<div class=\"pbminfotech-box-content\">\r\n\t\t<div class=\"pbminfotech-box-social-links\">\r\n\t\t\t\t\t<\/div>\r\n\t\t<div class=\"pbmit-titlebox\">\r\n\t\t\t\t\t<div class=\"pbminfotech-box-team-position\">owner, financial manager<\/div>\r\n\t\t\t\t\t<h3 class=\"pbmit-team-title\"><a href=\"https:\/\/revitrans.hu\/en\/team-member\/kelemenne-dusa-krisztina\/\">Kelemenn\u00e9 Dusa Krisztina<\/a><\/h3>\r\n\t\t<\/div>\r\n\t<\/div>\r\n<\/div><\/article><article class=\"pbmit-ele pbmit-ele-team pbmit-team-style-1 col-md-4  pbmit-odd pbmit-col-odd\"><div class=\"pbminfotech-post-item\">\r\n\t<div class=\"pbmit-featured-img-wrapper\"><div class=\"pbmit-featured-wrapper\"><a href=\"https:\/\/revitrans.hu\/en\/team-member\/kelemen-viktor\/\"><img decoding=\"async\" width=\"620\" height=\"620\" src=\"https:\/\/revitrans.hu\/en\/wp-content\/uploads\/sites\/6\/2023\/08\/IMG_2735-620x620.jpg\" class=\"attachment-pbmit-img-620x620 size-pbmit-img-620x620 wp-post-image\" alt=\"\" srcset=\"https:\/\/revitrans.hu\/en\/wp-content\/uploads\/sites\/6\/2023\/08\/IMG_2735-620x620.jpg 620w, https:\/\/revitrans.hu\/en\/wp-content\/uploads\/sites\/6\/2023\/08\/IMG_2735-150x150.jpg 150w, https:\/\/revitrans.hu\/en\/wp-content\/uploads\/sites\/6\/2023\/08\/IMG_2735-340x340.jpg 340w, https:\/\/revitrans.hu\/en\/wp-content\/uploads\/sites\/6\/2023\/08\/IMG_2735-740x740.jpg 740w, https:\/\/revitrans.hu\/en\/wp-content\/uploads\/sites\/6\/2023\/08\/IMG_2735-120x120.jpg 120w\" sizes=\"(max-width: 620px) 100vw, 620px\" \/><\/a><\/div><\/div>\t<div class=\"pbminfotech-box-content\">\r\n\t\t<div class=\"pbminfotech-box-social-links\">\r\n\t\t\t\t\t<\/div>\r\n\t\t<div class=\"pbmit-titlebox\">\r\n\t\t\t\t\t<div class=\"pbminfotech-box-team-position\">manager, logistics<\/div>\r\n\t\t\t\t\t<h3 class=\"pbmit-team-title\"><a href=\"https:\/\/revitrans.hu\/en\/team-member\/kelemen-viktor\/\">Kelemen Viktor<\/a><\/h3>\r\n\t\t<\/div>\r\n\t<\/div>\r\n<\/div><\/article><article class=\"pbmit-ele pbmit-ele-team pbmit-team-style-1 col-md-4  pbmit-even pbmit-col-even\"><div class=\"pbminfotech-post-item\">\r\n\t<div class=\"pbmit-featured-img-wrapper\"><div class=\"pbmit-featured-wrapper\"><a href=\"https:\/\/revitrans.hu\/en\/team-member\/kelemen-rebeka\/\"><img loading=\"lazy\" decoding=\"async\" width=\"620\" height=\"620\" src=\"https:\/\/revitrans.hu\/en\/wp-content\/uploads\/sites\/6\/2024\/05\/IMG_2704-scaled-e1715096876739-620x620.jpg\" class=\"attachment-pbmit-img-620x620 size-pbmit-img-620x620 wp-post-image\" alt=\"\" srcset=\"https:\/\/revitrans.hu\/en\/wp-content\/uploads\/sites\/6\/2024\/05\/IMG_2704-scaled-e1715096876739-620x620.jpg 620w, https:\/\/revitrans.hu\/en\/wp-content\/uploads\/sites\/6\/2024\/05\/IMG_2704-scaled-e1715096876739-150x150.jpg 150w, https:\/\/revitrans.hu\/en\/wp-content\/uploads\/sites\/6\/2024\/05\/IMG_2704-scaled-e1715096876739-340x340.jpg 340w, https:\/\/revitrans.hu\/en\/wp-content\/uploads\/sites\/6\/2024\/05\/IMG_2704-scaled-e1715096876739-740x740.jpg 740w, https:\/\/revitrans.hu\/en\/wp-content\/uploads\/sites\/6\/2024\/05\/IMG_2704-scaled-e1715096876739-120x120.jpg 120w\" sizes=\"(max-width: 620px) 100vw, 620px\" \/><\/a><\/div><\/div>\t<div class=\"pbminfotech-box-content\">\r\n\t\t<div class=\"pbminfotech-box-social-links\">\r\n\t\t\t\t\t<\/div>\r\n\t\t<div class=\"pbmit-titlebox\">\r\n\t\t\t\t\t<div class=\"pbminfotech-box-team-position\">manager<\/div>\r\n\t\t\t\t\t<h3 class=\"pbmit-team-title\"><a href=\"https:\/\/revitrans.hu\/en\/team-member\/kelemen-rebeka\/\">Kelemen Rebeka<\/a><\/h3>\r\n\t\t<\/div>\r\n\t<\/div>\r\n<\/div><\/article><article class=\"pbmit-ele pbmit-ele-team pbmit-team-style-1 col-md-4  pbmit-odd pbmit-col-even\"><div class=\"pbminfotech-post-item\">\r\n\t<div class=\"pbmit-featured-img-wrapper\"><div class=\"pbmit-featured-wrapper\"><a href=\"https:\/\/revitrans.hu\/en\/team-member\/tuza-martin\/\"><img loading=\"lazy\" decoding=\"async\" width=\"620\" height=\"620\" src=\"https:\/\/revitrans.hu\/en\/wp-content\/uploads\/sites\/6\/2024\/05\/IMG_2829-620x620.jpg\" class=\"attachment-pbmit-img-620x620 size-pbmit-img-620x620 wp-post-image\" alt=\"\" srcset=\"https:\/\/revitrans.hu\/en\/wp-content\/uploads\/sites\/6\/2024\/05\/IMG_2829-620x620.jpg 620w, https:\/\/revitrans.hu\/en\/wp-content\/uploads\/sites\/6\/2024\/05\/IMG_2829-150x150.jpg 150w, https:\/\/revitrans.hu\/en\/wp-content\/uploads\/sites\/6\/2024\/05\/IMG_2829-340x340.jpg 340w, https:\/\/revitrans.hu\/en\/wp-content\/uploads\/sites\/6\/2024\/05\/IMG_2829-740x740.jpg 740w, https:\/\/revitrans.hu\/en\/wp-content\/uploads\/sites\/6\/2024\/05\/IMG_2829-120x120.jpg 120w\" sizes=\"(max-width: 620px) 100vw, 620px\" \/><\/a><\/div><\/div>\t<div class=\"pbminfotech-box-content\">\r\n\t\t<div class=\"pbminfotech-box-social-links\">\r\n\t\t\t\t\t<\/div>\r\n\t\t<div class=\"pbmit-titlebox\">\r\n\t\t\t\t\t<div class=\"pbminfotech-box-team-position\">Logistics<\/div>\r\n\t\t\t\t\t<h3 class=\"pbmit-team-title\"><a href=\"https:\/\/revitrans.hu\/en\/team-member\/tuza-martin\/\">Tuza Martin<\/a><\/h3>\r\n\t\t<\/div>\r\n\t<\/div>\r\n<\/div><\/article><article class=\"pbmit-ele pbmit-ele-team pbmit-team-style-1 col-md-4  pbmit-even pbmit-col-even\"><div class=\"pbminfotech-post-item\">\r\n\t<div class=\"pbmit-featured-img-wrapper\"><div class=\"pbmit-featured-wrapper\"><a href=\"https:\/\/revitrans.hu\/en\/team-member\/kirschner-elvira\/\"><img loading=\"lazy\" decoding=\"async\" width=\"620\" height=\"620\" src=\"https:\/\/revitrans.hu\/en\/wp-content\/uploads\/sites\/6\/2024\/05\/IMG_2668-scaled-e1715097406307-620x620.jpg\" class=\"attachment-pbmit-img-620x620 size-pbmit-img-620x620 wp-post-image\" alt=\"\" srcset=\"https:\/\/revitrans.hu\/en\/wp-content\/uploads\/sites\/6\/2024\/05\/IMG_2668-scaled-e1715097406307-620x620.jpg 620w, https:\/\/revitrans.hu\/en\/wp-content\/uploads\/sites\/6\/2024\/05\/IMG_2668-scaled-e1715097406307-150x150.jpg 150w, https:\/\/revitrans.hu\/en\/wp-content\/uploads\/sites\/6\/2024\/05\/IMG_2668-scaled-e1715097406307-340x340.jpg 340w, https:\/\/revitrans.hu\/en\/wp-content\/uploads\/sites\/6\/2024\/05\/IMG_2668-scaled-e1715097406307-740x740.jpg 740w, https:\/\/revitrans.hu\/en\/wp-content\/uploads\/sites\/6\/2024\/05\/IMG_2668-scaled-e1715097406307-120x120.jpg 120w\" sizes=\"(max-width: 620px) 100vw, 620px\" \/><\/a><\/div><\/div>\t<div class=\"pbminfotech-box-content\">\r\n\t\t<div class=\"pbminfotech-box-social-links\">\r\n\t\t\t\t\t<\/div>\r\n\t\t<div class=\"pbmit-titlebox\">\r\n\t\t\t\t\t<div class=\"pbminfotech-box-team-position\">HR<\/div>\r\n\t\t\t\t\t<h3 class=\"pbmit-team-title\"><a href=\"https:\/\/revitrans.hu\/en\/team-member\/kirschner-elvira\/\">Kirschner Elvira<\/a><\/h3>\r\n\t\t<\/div>\r\n\t<\/div>\r\n<\/div><\/article><article class=\"pbmit-ele pbmit-ele-team pbmit-team-style-1 col-md-4  pbmit-odd pbmit-col-odd\"><div class=\"pbminfotech-post-item\">\r\n\t<div class=\"pbmit-featured-img-wrapper\"><div class=\"pbmit-featured-wrapper\"><a href=\"https:\/\/revitrans.hu\/en\/team-member\/szasza\/\"><img loading=\"lazy\" decoding=\"async\" width=\"620\" height=\"620\" src=\"https:\/\/revitrans.hu\/en\/wp-content\/uploads\/sites\/6\/2024\/05\/IMG_2793-1-620x620.jpg\" class=\"attachment-pbmit-img-620x620 size-pbmit-img-620x620 wp-post-image\" alt=\"\" srcset=\"https:\/\/revitrans.hu\/en\/wp-content\/uploads\/sites\/6\/2024\/05\/IMG_2793-1-620x620.jpg 620w, https:\/\/revitrans.hu\/en\/wp-content\/uploads\/sites\/6\/2024\/05\/IMG_2793-1-150x150.jpg 150w, https:\/\/revitrans.hu\/en\/wp-content\/uploads\/sites\/6\/2024\/05\/IMG_2793-1-340x340.jpg 340w, https:\/\/revitrans.hu\/en\/wp-content\/uploads\/sites\/6\/2024\/05\/IMG_2793-1-740x740.jpg 740w, https:\/\/revitrans.hu\/en\/wp-content\/uploads\/sites\/6\/2024\/05\/IMG_2793-1-120x120.jpg 120w\" sizes=\"(max-width: 620px) 100vw, 620px\" \/><\/a><\/div><\/div>\t<div class=\"pbminfotech-box-content\">\r\n\t\t<div class=\"pbminfotech-box-social-links\">\r\n\t\t\t\t\t<\/div>\r\n\t\t<div class=\"pbmit-titlebox\">\r\n\t\t\t\t\t<div class=\"pbminfotech-box-team-position\">workshop leader<\/div>\r\n\t\t\t\t\t<h3 class=\"pbmit-team-title\"><a href=\"https:\/\/revitrans.hu\/en\/team-member\/szasza\/\">Szasza<\/a><\/h3>\r\n\t\t<\/div>\r\n\t<\/div>\r\n<\/div><\/article>\t\t\t<\/div>\r\n\t\t\t\t\t\r\n\r\n\t\t\t\r\n\t\t\r\n\t\t\r\n\t\t\t\t\t<\/div><!-- .pbmit-element-inner -->\r\n\t\t<\/div><!-- .pbminfotech-element -->\r\n\r\n\t\t\t\t\t\t\t\t<\/div>\n\t\t\t\t<\/div>\n\t\t\t\t\t<\/div>\n\t\t<\/div>\n\t\t\t\t\t<\/div>\n\t\t<\/div>\n\t\t\t\t<\/div>\n\t\t","protected":false},"excerpt":{"rendered":"<p>Munkat\u00e1rsaink T\u00f6bb, mint 20 \u00e9ve a fuvarszervez\u00e9sben {&#8220;cpt&#8221;:&#8221;team&#8221;,&#8221;style&#8221;:&#8221;1&#8243;,&#8221;columns&#8221;:&#8221;3&#8243;,&#8221;show&#8221;:7,&#8221;order&#8221;:&#8221;ASC&#8221;,&#8221;orderby&#8221;:&#8221;ID&#8221;} \u00dcgyvezet\u0151 tulajdonos, logisztikus Kelemen P\u00e1l \u00dcgyvezet\u0151 Kelemen Rebeka Tessa \u00dcgyvezet\u0151 tulajdonos, p\u00e9nz\u00fcgyi vezet\u0151 Kelemenn\u00e9 Dusa Krisztina \u00dcgyvezet\u0151, logisztikus Kelemen Viktor HR \u00fcgyint\u00e9z\u0151 Kirschner Elvira Logisztikus Tuza Martin M\u0171hely Vezet\u0151 Szasza<\/p>\n","protected":false},"author":5,"featured_media":0,"parent":0,"menu_order":0,"comment_status":"closed","ping_status":"closed","template":"","meta":{"_acf_changed":false,"inline_featured_image":false,"footnotes":""},"class_list":["post-687","page","type-page","status-publish","hentry"],"acf":[],"yoast_head":"<!-- This site is optimized with the Yoast SEO plugin v27.3 - https:\/\/yoast.com\/product\/yoast-seo-wordpress\/ -->\n<title>Co-workers - Re-Vi Trans EN<\/title>\n<meta name=\"robots\" content=\"index, follow, max-snippet:-1, max-image-preview:large, max-video-preview:-1\" \/>\n<link rel=\"canonical\" href=\"https:\/\/revitrans.hu\/en\/co-workers\/\" \/>\n<meta property=\"og:locale\" content=\"en_US\" \/>\n<meta property=\"og:type\" content=\"article\" \/>\n<meta property=\"og:title\" content=\"Co-workers - Re-Vi Trans EN\" \/>\n<meta property=\"og:description\" content=\"Munkat\u00e1rsaink T\u00f6bb, mint 20 \u00e9ve a fuvarszervez\u00e9sben {&#8220;cpt&#8221;:&#8221;team&#8221;,&#8221;style&#8221;:&#8221;1&#8243;,&#8221;columns&#8221;:&#8221;3&#8243;,&#8221;show&#8221;:7,&#8221;order&#8221;:&#8221;ASC&#8221;,&#8221;orderby&#8221;:&#8221;ID&#8221;} \u00dcgyvezet\u0151 tulajdonos, logisztikus Kelemen P\u00e1l \u00dcgyvezet\u0151 Kelemen Rebeka Tessa \u00dcgyvezet\u0151 tulajdonos, p\u00e9nz\u00fcgyi vezet\u0151 Kelemenn\u00e9 Dusa Krisztina \u00dcgyvezet\u0151, logisztikus Kelemen Viktor HR \u00fcgyint\u00e9z\u0151 Kirschner Elvira Logisztikus Tuza Martin M\u0171hely Vezet\u0151 Szasza\" \/>\n<meta property=\"og:url\" content=\"https:\/\/revitrans.hu\/en\/co-workers\/\" \/>\n<meta property=\"og:site_name\" content=\"Re-Vi Trans EN\" \/>\n<meta property=\"article:modified_time\" content=\"2024-10-24T17:00:22+00:00\" \/>\n<meta property=\"og:image\" content=\"http:\/\/uj.revitrans.hu\/en\/wp-content\/uploads\/sites\/6\/2023\/08\/IMG_2729-1-620x620.jpg\" \/>\n<meta name=\"twitter:card\" content=\"summary_large_image\" \/>\n<meta name=\"twitter:label1\" content=\"Est. reading time\" \/>\n\t<meta name=\"twitter:data1\" content=\"2 minutes\" \/>\n<script type=\"application\/ld+json\" class=\"yoast-schema-graph\">{\"@context\":\"https:\\\/\\\/schema.org\",\"@graph\":[{\"@type\":\"WebPage\",\"@id\":\"https:\\\/\\\/revitrans.hu\\\/en\\\/co-workers\\\/\",\"url\":\"https:\\\/\\\/revitrans.hu\\\/en\\\/co-workers\\\/\",\"name\":\"Co-workers - Re-Vi Trans EN\",\"isPartOf\":{\"@id\":\"https:\\\/\\\/revitrans.hu\\\/en\\\/#website\"},\"primaryImageOfPage\":{\"@id\":\"https:\\\/\\\/revitrans.hu\\\/en\\\/co-workers\\\/#primaryimage\"},\"image\":{\"@id\":\"https:\\\/\\\/revitrans.hu\\\/en\\\/co-workers\\\/#primaryimage\"},\"thumbnailUrl\":\"http:\\\/\\\/uj.revitrans.hu\\\/en\\\/wp-content\\\/uploads\\\/sites\\\/6\\\/2023\\\/08\\\/IMG_2729-1-620x620.jpg\",\"datePublished\":\"2024-09-17T07:50:19+00:00\",\"dateModified\":\"2024-10-24T17:00:22+00:00\",\"breadcrumb\":{\"@id\":\"https:\\\/\\\/revitrans.hu\\\/en\\\/co-workers\\\/#breadcrumb\"},\"inLanguage\":\"en-US\",\"potentialAction\":[{\"@type\":\"ReadAction\",\"target\":[\"https:\\\/\\\/revitrans.hu\\\/en\\\/co-workers\\\/\"]}]},{\"@type\":\"ImageObject\",\"inLanguage\":\"en-US\",\"@id\":\"https:\\\/\\\/revitrans.hu\\\/en\\\/co-workers\\\/#primaryimage\",\"url\":\"http:\\\/\\\/uj.revitrans.hu\\\/en\\\/wp-content\\\/uploads\\\/sites\\\/6\\\/2023\\\/08\\\/IMG_2729-1-620x620.jpg\",\"contentUrl\":\"http:\\\/\\\/uj.revitrans.hu\\\/en\\\/wp-content\\\/uploads\\\/sites\\\/6\\\/2023\\\/08\\\/IMG_2729-1-620x620.jpg\"},{\"@type\":\"BreadcrumbList\",\"@id\":\"https:\\\/\\\/revitrans.hu\\\/en\\\/co-workers\\\/#breadcrumb\",\"itemListElement\":[{\"@type\":\"ListItem\",\"position\":1,\"name\":\"Home\",\"item\":\"https:\\\/\\\/revitrans.hu\\\/en\\\/\"},{\"@type\":\"ListItem\",\"position\":2,\"name\":\"Co-workers\"}]},{\"@type\":\"WebSite\",\"@id\":\"https:\\\/\\\/revitrans.hu\\\/en\\\/#website\",\"url\":\"https:\\\/\\\/revitrans.hu\\\/en\\\/\",\"name\":\"Re-Vi Trans EN\",\"description\":\"Vill\u00e1mgyors sz\u00e1ll\u00edt\u00e1si garancia, avagy a fuvarfeladatok szakszer\u0171 \u00e9s pontos megold\u00e1sa\",\"potentialAction\":[{\"@type\":\"SearchAction\",\"target\":{\"@type\":\"EntryPoint\",\"urlTemplate\":\"https:\\\/\\\/revitrans.hu\\\/en\\\/?s={search_term_string}\"},\"query-input\":{\"@type\":\"PropertyValueSpecification\",\"valueRequired\":true,\"valueName\":\"search_term_string\"}}],\"inLanguage\":\"en-US\"}]}<\/script>\n<!-- \/ Yoast SEO plugin. -->","yoast_head_json":{"title":"Co-workers - Re-Vi Trans EN","robots":{"index":"index","follow":"follow","max-snippet":"max-snippet:-1","max-image-preview":"max-image-preview:large","max-video-preview":"max-video-preview:-1"},"canonical":"https:\/\/revitrans.hu\/en\/co-workers\/","og_locale":"en_US","og_type":"article","og_title":"Co-workers - Re-Vi Trans EN","og_description":"Munkat\u00e1rsaink T\u00f6bb, mint 20 \u00e9ve a fuvarszervez\u00e9sben {&#8220;cpt&#8221;:&#8221;team&#8221;,&#8221;style&#8221;:&#8221;1&#8243;,&#8221;columns&#8221;:&#8221;3&#8243;,&#8221;show&#8221;:7,&#8221;order&#8221;:&#8221;ASC&#8221;,&#8221;orderby&#8221;:&#8221;ID&#8221;} \u00dcgyvezet\u0151 tulajdonos, logisztikus Kelemen P\u00e1l \u00dcgyvezet\u0151 Kelemen Rebeka Tessa \u00dcgyvezet\u0151 tulajdonos, p\u00e9nz\u00fcgyi vezet\u0151 Kelemenn\u00e9 Dusa Krisztina \u00dcgyvezet\u0151, logisztikus Kelemen Viktor HR \u00fcgyint\u00e9z\u0151 Kirschner Elvira Logisztikus Tuza Martin M\u0171hely Vezet\u0151 Szasza","og_url":"https:\/\/revitrans.hu\/en\/co-workers\/","og_site_name":"Re-Vi Trans EN","article_modified_time":"2024-10-24T17:00:22+00:00","og_image":[{"url":"http:\/\/uj.revitrans.hu\/en\/wp-content\/uploads\/sites\/6\/2023\/08\/IMG_2729-1-620x620.jpg","type":"","width":"","height":""}],"twitter_card":"summary_large_image","twitter_misc":{"Est. reading time":"2 minutes"},"schema":{"@context":"https:\/\/schema.org","@graph":[{"@type":"WebPage","@id":"https:\/\/revitrans.hu\/en\/co-workers\/","url":"https:\/\/revitrans.hu\/en\/co-workers\/","name":"Co-workers - Re-Vi Trans EN","isPartOf":{"@id":"https:\/\/revitrans.hu\/en\/#website"},"primaryImageOfPage":{"@id":"https:\/\/revitrans.hu\/en\/co-workers\/#primaryimage"},"image":{"@id":"https:\/\/revitrans.hu\/en\/co-workers\/#primaryimage"},"thumbnailUrl":"http:\/\/uj.revitrans.hu\/en\/wp-content\/uploads\/sites\/6\/2023\/08\/IMG_2729-1-620x620.jpg","datePublished":"2024-09-17T07:50:19+00:00","dateModified":"2024-10-24T17:00:22+00:00","breadcrumb":{"@id":"https:\/\/revitrans.hu\/en\/co-workers\/#breadcrumb"},"inLanguage":"en-US","potentialAction":[{"@type":"ReadAction","target":["https:\/\/revitrans.hu\/en\/co-workers\/"]}]},{"@type":"ImageObject","inLanguage":"en-US","@id":"https:\/\/revitrans.hu\/en\/co-workers\/#primaryimage","url":"http:\/\/uj.revitrans.hu\/en\/wp-content\/uploads\/sites\/6\/2023\/08\/IMG_2729-1-620x620.jpg","contentUrl":"http:\/\/uj.revitrans.hu\/en\/wp-content\/uploads\/sites\/6\/2023\/08\/IMG_2729-1-620x620.jpg"},{"@type":"BreadcrumbList","@id":"https:\/\/revitrans.hu\/en\/co-workers\/#breadcrumb","itemListElement":[{"@type":"ListItem","position":1,"name":"Home","item":"https:\/\/revitrans.hu\/en\/"},{"@type":"ListItem","position":2,"name":"Co-workers"}]},{"@type":"WebSite","@id":"https:\/\/revitrans.hu\/en\/#website","url":"https:\/\/revitrans.hu\/en\/","name":"Re-Vi Trans EN","description":"Vill\u00e1mgyors sz\u00e1ll\u00edt\u00e1si garancia, avagy a fuvarfeladatok szakszer\u0171 \u00e9s pontos megold\u00e1sa","potentialAction":[{"@type":"SearchAction","target":{"@type":"EntryPoint","urlTemplate":"https:\/\/revitrans.hu\/en\/?s={search_term_string}"},"query-input":{"@type":"PropertyValueSpecification","valueRequired":true,"valueName":"search_term_string"}}],"inLanguage":"en-US"}]}},"_links":{"self":[{"href":"https:\/\/revitrans.hu\/en\/wp-json\/wp\/v2\/pages\/687","targetHints":{"allow":["GET"]}}],"collection":[{"href":"https:\/\/revitrans.hu\/en\/wp-json\/wp\/v2\/pages"}],"about":[{"href":"https:\/\/revitrans.hu\/en\/wp-json\/wp\/v2\/types\/page"}],"author":[{"embeddable":true,"href":"https:\/\/revitrans.hu\/en\/wp-json\/wp\/v2\/users\/5"}],"replies":[{"embeddable":true,"href":"https:\/\/revitrans.hu\/en\/wp-json\/wp\/v2\/comments?post=687"}],"version-history":[{"count":17,"href":"https:\/\/revitrans.hu\/en\/wp-json\/wp\/v2\/pages\/687\/revisions"}],"predecessor-version":[{"id":1336,"href":"https:\/\/revitrans.hu\/en\/wp-json\/wp\/v2\/pages\/687\/revisions\/1336"}],"wp:attachment":[{"href":"https:\/\/revitrans.hu\/en\/wp-json\/wp\/v2\/media?parent=687"}],"curies":[{"name":"wp","href":"https:\/\/api.w.org\/{rel}","templated":true}]}}